{"id":4787,"date":"2024-07-05T14:30:26","date_gmt":"2024-07-05T12:30:26","guid":{"rendered":"https:\/\/konsylium.sanok.pl\/?page_id=4787"},"modified":"2026-01-11T17:18:01","modified_gmt":"2026-01-11T16:18:01","slug":"medycyna-rodzinna","status":"publish","type":"page","link":"https:\/\/konsylium.sanok.pl\/index.php\/medycyna-rodzinna\/","title":{"rendered":"Medycyna rodzinna"},"content":{"rendered":"<div id=\"pl-4787\"  class=\"panel-layout\" ><div id=\"pg-4787-0\"  class=\"panel-grid panel-no-style\" ><div id=\"pgc-4787-0-0\"  class=\"panel-grid-cell panel-grid-cell-mobile-last\" ><div id=\"panel-4787-0-0-0\" class=\"so-panel widget widget_accesspress_preview_post panel-first-child panel-last-child\" data-index=\"0\" >                <div class=\"ap-widget-preview wow zoomIn\">\r\n                    <div class=\"widget-preview-thumbnail\"><img width=\"540\" height=\"350\" src=\"https:\/\/konsylium.sanok.pl\/wp-content\/uploads\/2024\/12\/m_rudy-540x350.jpg\" class=\"attachment-medium-thumbnail size-medium-thumbnail wp-post-image\" alt=\"\" loading=\"lazy\" \/><\/div><h3 class=\"widget-title\">Lek. med. Monika Rudy<\/h3><div class=\"widget-preview-excerpt\">Specjalista medycyny rodzinnej |\r\n\r\n \tW 2015 r. uko\u0144czy\u0142a kierunek lekarski na Uniwersytecie Medycznym w Lublinie\r\n \tOd 2017 r. pracuje jako lekarz Po<\/div><div class=\"widget-preview-more\"><a class=\"read-more ap-bttn\" href=\"https:\/\/konsylium.sanok.pl\/index.php\/2021\/12\/08\/lek-med-monika-rudy\/\">Wi\u0119cej...<\/a><\/div>                <\/div>\r\n                <\/div><\/div><div id=\"pgc-4787-0-1\"  class=\"panel-grid-cell panel-grid-cell-empty\" ><\/div><\/div><\/div>","protected":false},"excerpt":{"rendered":"<p>Lek. med. Monika RudySpecjalista medycyny rodzinnej | W 2015 r. uko\u0144czy\u0142a kierunek lekarski na Uniwersytecie Medycznym w Lublinie Od 2017 r. pracuje jako lekarz PoWi\u0119cej&#8230;<\/p>\n","protected":false},"author":1,"featured_media":0,"parent":0,"menu_order":0,"comment_status":"closed","ping_status":"open","template":"","meta":{"_monsterinsights_skip_tracking":false,"_monsterinsights_sitenote_active":false,"_monsterinsights_sitenote_note":"","_monsterinsights_sitenote_category":0},"_links":{"self":[{"href":"https:\/\/konsylium.sanok.pl\/index.php\/wp-json\/wp\/v2\/pages\/4787"}],"collection":[{"href":"https:\/\/konsylium.sanok.pl\/index.php\/wp-json\/wp\/v2\/pages"}],"about":[{"href":"https:\/\/konsylium.sanok.pl\/index.php\/wp-json\/wp\/v2\/types\/page"}],"author":[{"embeddable":true,"href":"https:\/\/konsylium.sanok.pl\/index.php\/wp-json\/wp\/v2\/users\/1"}],"replies":[{"embeddable":true,"href":"https:\/\/konsylium.sanok.pl\/index.php\/wp-json\/wp\/v2\/comments?post=4787"}],"version-history":[{"count":31,"href":"https:\/\/konsylium.sanok.pl\/index.php\/wp-json\/wp\/v2\/pages\/4787\/revisions"}],"predecessor-version":[{"id":5229,"href":"https:\/\/konsylium.sanok.pl\/index.php\/wp-json\/wp\/v2\/pages\/4787\/revisions\/5229"}],"wp:attachment":[{"href":"https:\/\/konsylium.sanok.pl\/index.php\/wp-json\/wp\/v2\/media?parent=4787"}],"curies":[{"name":"wp","href":"https:\/\/api.w.org\/{rel}","templated":true}]}}