{"id":4307,"date":"2022-10-22T00:33:08","date_gmt":"2022-10-21T22:33:08","guid":{"rendered":"https:\/\/konsylium.sanok.pl\/?page_id=4307"},"modified":"2025-07-16T18:39:59","modified_gmt":"2025-07-16T16:39:59","slug":"stomatologia","status":"publish","type":"page","link":"https:\/\/konsylium.sanok.pl\/index.php\/stomatologia\/","title":{"rendered":"Stomatologia"},"content":{"rendered":"<div id=\"pl-4307\"  class=\"panel-layout\" ><div id=\"pg-4307-0\"  class=\"panel-grid panel-no-style\" ><div id=\"pgc-4307-0-0\"  class=\"panel-grid-cell\" ><div id=\"panel-4307-0-0-0\" class=\"so-panel widget widget_sow-editor panel-first-child\" data-index=\"0\" ><div\n\t\t\t\n\t\t\tclass=\"so-widget-sow-editor so-widget-sow-editor-base\"\n\t\t\t\n\t\t>\n<div class=\"siteorigin-widget-tinymce textwidget\">\n\t<p><img loading=\"lazy\" class=\"alignnone wp-image-4357\" src=\"https:\/\/konsylium.sanok.pl\/wp-content\/uploads\/2025\/07\/stoma_bt.jpg\" alt=\"\" width=\"356\" height=\"340\" \/> <img loading=\"lazy\" class=\"alignnone wp-image-4358\" src=\"https:\/\/konsylium.sanok.pl\/wp-content\/uploads\/2022\/11\/stoma2.jpg\" alt=\"\" width=\"460\" height=\"340\" srcset=\"https:\/\/konsylium.sanok.pl\/wp-content\/uploads\/2022\/11\/stoma2.jpg 971w, https:\/\/konsylium.sanok.pl\/wp-content\/uploads\/2022\/11\/stoma2-300x222.jpg 300w, https:\/\/konsylium.sanok.pl\/wp-content\/uploads\/2022\/11\/stoma2-768x567.jpg 768w, https:\/\/konsylium.sanok.pl\/wp-content\/uploads\/2022\/11\/stoma2-24x18.jpg 24w, https:\/\/konsylium.sanok.pl\/wp-content\/uploads\/2022\/11\/stoma2-36x27.jpg 36w, https:\/\/konsylium.sanok.pl\/wp-content\/uploads\/2022\/11\/stoma2-48x35.jpg 48w\" sizes=\"(max-width: 460px) 100vw, 460px\" \/><\/p>\n<\/div>\n<\/div><\/div><div id=\"panel-4307-0-0-1\" class=\"so-panel widget widget_black-studio-tinymce widget_black_studio_tinymce panel-last-child\" data-index=\"1\" ><div class=\"textwidget\"><h1 style=\"text-align: center;\">Nasz Zesp\u00f3\u0142<\/h1>\n<h4 style=\"text-align: center;\">Specjali\u015bci Konsylium<\/h4>\n<p style=\"text-align: center;\"><div class=\"divider\" style=\"margin-top:0; margin-bottom:40px; border-top:1px solid #333;width:10%\"\/><\/div><\/p>\n<\/div><\/div><\/div><\/div><div id=\"pg-4307-1\"  class=\"panel-grid panel-no-style\" ><div id=\"pgc-4307-1-0\"  class=\"panel-grid-cell\" ><div id=\"panel-4307-1-0-0\" class=\"so-panel widget widget_accesspress_preview_post panel-first-child panel-last-child\" data-index=\"2\" >                <div class=\"ap-widget-preview wow zoomIn\">\r\n                    <div class=\"widget-preview-thumbnail\"><img width=\"540\" height=\"350\" src=\"https:\/\/konsylium.sanok.pl\/wp-content\/uploads\/2020\/10\/l_olevska-540x350.jpg\" class=\"attachment-medium-thumbnail size-medium-thumbnail wp-post-image\" alt=\"\" loading=\"lazy\" \/><\/div><h3 class=\"widget-title\">Lek. stom. Larysa Olevska<\/h3><div class=\"widget-preview-excerpt\">Lekarz stomatolog |\r\n\r\nZapewnia kompleksowe leczenie g\u0142\u00f3wnie w zakresie stomatologii zachowawczej oraz endodoncji (leczenia kana\u0142owego).<\/div><div class=\"widget-preview-more\"><a class=\"read-more ap-bttn\" href=\"https:\/\/konsylium.sanok.pl\/index.php\/2020\/10\/22\/lek-stom-larysa-olevska\/\">Wi\u0119cej...<\/a><\/div>                <\/div>\r\n                <\/div><\/div><div id=\"pgc-4307-1-1\"  class=\"panel-grid-cell\" ><div id=\"panel-4307-1-1-0\" class=\"so-panel widget widget_accesspress_preview_post panel-first-child panel-last-child\" data-index=\"3\" >                <div class=\"ap-widget-preview wow zoomIn\">\r\n                    <div class=\"widget-preview-thumbnail\"><img width=\"540\" height=\"350\" src=\"https:\/\/konsylium.sanok.pl\/wp-content\/uploads\/2024\/09\/p_hylenska-540x350.jpg\" class=\"attachment-medium-thumbnail size-medium-thumbnail wp-post-image\" alt=\"\" loading=\"lazy\" \/><\/div><h3 class=\"widget-title\">Lek. stom. Paulina Hyle\u0144ska<\/h3><div class=\"widget-preview-excerpt\">Lekarz stomatolog |\r\n\r\n\r\n \tAbsolwentka wydzia\u0142u lekarsko-stomatologicznego Pomorskiego Uniwersytetu Medycznego w Szczecinie.\r\n \tOferuje pe\u0142en zakres p<\/div><div class=\"widget-preview-more\"><a class=\"read-more ap-bttn\" href=\"https:\/\/konsylium.sanok.pl\/index.php\/2020\/10\/24\/lek-stom-paulina-hylenska\/\">Wi\u0119cej...<\/a><\/div>                <\/div>\r\n                <\/div><\/div><div id=\"pgc-4307-1-2\"  class=\"panel-grid-cell\" ><div id=\"panel-4307-1-2-0\" class=\"so-panel widget widget_accesspress_preview_post panel-first-child panel-last-child\" data-index=\"4\" >                <div class=\"ap-widget-preview wow zoomIn\">\r\n                    <div class=\"widget-preview-thumbnail\"><img width=\"540\" height=\"350\" src=\"https:\/\/konsylium.sanok.pl\/wp-content\/uploads\/2022\/02\/a_basza-540x350.jpg\" class=\"attachment-medium-thumbnail size-medium-thumbnail wp-post-image\" alt=\"\" loading=\"lazy\" \/><\/div><h3 class=\"widget-title\">Aleksandra Basza<\/h3><div class=\"widget-preview-excerpt\">Rejestratorka |\r\n\r\n\r\n \tAbsolwentka Szko\u0142y Medycznej,\r\n \tHigienistka stomatologiczna,\r\n\r\nUko\u0144czone kursy:\r\n\r\n \tpodstawowy kurs pierwszej pomocy,\r\n \tkur<\/div><div class=\"widget-preview-more\"><a class=\"read-more ap-bttn\" href=\"https:\/\/konsylium.sanok.pl\/index.php\/2018\/02\/25\/aleksandra-basza\/\">Wi\u0119cej...<\/a><\/div>                <\/div>\r\n                <\/div><\/div><\/div><\/div>","protected":false},"excerpt":{"rendered":"<p>Nasz Zesp\u00f3\u0142 Specjali\u015bci Konsylium<\/p>\n","protected":false},"author":1,"featured_media":0,"parent":0,"menu_order":0,"comment_status":"closed","ping_status":"open","template":"","meta":{"_monsterinsights_skip_tracking":false,"_monsterinsights_sitenote_active":false,"_monsterinsights_sitenote_note":"","_monsterinsights_sitenote_category":0},"_links":{"self":[{"href":"https:\/\/konsylium.sanok.pl\/index.php\/wp-json\/wp\/v2\/pages\/4307"}],"collection":[{"href":"https:\/\/konsylium.sanok.pl\/index.php\/wp-json\/wp\/v2\/pages"}],"about":[{"href":"https:\/\/konsylium.sanok.pl\/index.php\/wp-json\/wp\/v2\/types\/page"}],"author":[{"embeddable":true,"href":"https:\/\/konsylium.sanok.pl\/index.php\/wp-json\/wp\/v2\/users\/1"}],"replies":[{"embeddable":true,"href":"https:\/\/konsylium.sanok.pl\/index.php\/wp-json\/wp\/v2\/comments?post=4307"}],"version-history":[{"count":33,"href":"https:\/\/konsylium.sanok.pl\/index.php\/wp-json\/wp\/v2\/pages\/4307\/revisions"}],"predecessor-version":[{"id":5137,"href":"https:\/\/konsylium.sanok.pl\/index.php\/wp-json\/wp\/v2\/pages\/4307\/revisions\/5137"}],"wp:attachment":[{"href":"https:\/\/konsylium.sanok.pl\/index.php\/wp-json\/wp\/v2\/media?parent=4307"}],"curies":[{"name":"wp","href":"https:\/\/api.w.org\/{rel}","templated":true}]}}