{"id":397,"date":"2014-11-20T05:53:11","date_gmt":"2014-11-20T05:53:11","guid":{"rendered":"https:\/\/accesspressthemes.com\/accesspress-parallax-pro-demo\/?page_id=397"},"modified":"2019-12-17T23:42:12","modified_gmt":"2019-12-17T22:42:12","slug":"leczenie","status":"publish","type":"page","link":"https:\/\/konsylium.sanok.pl\/index.php\/leczenie\/","title":{"rendered":"Leczenie"},"content":{"rendered":"<div id=\"pl-397\"  class=\"panel-layout\" ><div id=\"pg-397-0\"  class=\"panel-grid panel-no-style\" ><div id=\"pgc-397-0-0\"  class=\"panel-grid-cell\" ><div id=\"panel-397-0-0-0\" class=\"so-panel widget widget_black-studio-tinymce widget_black_studio_tinymce panel-first-child panel-last-child\" data-index=\"0\" ><div class=\"textwidget\"><h1 style=\"text-align: center;\">Leczenie w klinice KONSYLIUM<\/h1>\n<\/div><\/div><\/div><\/div><div id=\"pg-397-1\"  class=\"panel-grid panel-no-style\" ><div id=\"pgc-397-1-0\"  class=\"panel-grid-cell\" ><div id=\"panel-397-1-0-0\" class=\"so-panel widget widget_accesspress_icon_text panel-first-child panel-last-child\" data-index=\"1\" >        <div class=\"wow fadeInUp ap-icon-text style4\">\r\n                            <div class=\"ap-icon-text-icon\">\r\n                    <i class=\"fa fa-check-square-o\"><\/i>\r\n                <\/div>\r\n            \r\n            <div class=\"ap-icon-text-content-wrap\">\r\n                <div class=\"ap-icon-text-inner\">\r\n                                            <h5 class=\"ap-icon-text-title\">\r\n                        ABONAMENTY I UBEZPIECZENIA                        <\/h5>\r\n                        \r\n                                            <div class=\"ap-icon-text-content\">\r\n                        Zach\u0119camy Pa\u0144stwa do przegl\u0105dania atrakcyjnych ofert ubezpiecze\u0144 zdrowotnych.                        <\/div>\r\n                        \r\n                                            <div class=\"ap-icon-text-readmore\">\r\n                            <a class=\"bttn\" href=\"#\">Wi\u0119cej<\/a>\r\n                        <\/div>\r\n                                    <\/div>\r\n            <\/div>\r\n        <\/div>\r\n            <\/div><\/div><div id=\"pgc-397-1-1\"  class=\"panel-grid-cell\" ><div id=\"panel-397-1-1-0\" class=\"so-panel widget widget_accesspress_icon_text panel-first-child panel-last-child\" data-index=\"2\" >        <div class=\"wow fadeInUp ap-icon-text style4\">\r\n                            <div class=\"ap-icon-text-icon\">\r\n                    <i class=\"fa fa-thumbs-o-up\"><\/i>\r\n                <\/div>\r\n            \r\n            <div class=\"ap-icon-text-content-wrap\">\r\n                <div class=\"ap-icon-text-inner\">\r\n                                            <h5 class=\"ap-icon-text-title\">\r\n                        PAKIETY PROMOCYJNE                        <\/h5>\r\n                        \r\n                                            <div class=\"ap-icon-text-content\">\r\n                        Dla ka\u017cdego z Pa\u0144stwa przygotowali\u015bmy pakiety promocyjne, dzi\u0119ki kt\u00f3rym leczenie stanie si\u0119 atrakcyjne cenowo.                        <\/div>\r\n                        \r\n                                            <div class=\"ap-icon-text-readmore\">\r\n                            <a class=\"bttn\" href=\"https:\/\/konsylium.sanok.pl\/index.php\/pakiety-promocyjne\/\">Wi\u0119cej<\/a>\r\n                        <\/div>\r\n                                    <\/div>\r\n            <\/div>\r\n        <\/div>\r\n            <\/div><\/div><div id=\"pgc-397-1-2\"  class=\"panel-grid-cell\" ><div id=\"panel-397-1-2-0\" class=\"so-panel widget widget_accesspress_icon_text panel-first-child panel-last-child\" data-index=\"3\" >        <div class=\"wow fadeInUp ap-icon-text style4\">\r\n                            <div class=\"ap-icon-text-icon\">\r\n                    <i class=\"fa fa-user-md\"><\/i>\r\n                <\/div>\r\n            \r\n            <div class=\"ap-icon-text-content-wrap\">\r\n                <div class=\"ap-icon-text-inner\">\r\n                                            <h5 class=\"ap-icon-text-title\">\r\n                        KATALOG SPECJALNO\u015aCI                        <\/h5>\r\n                        \r\n                                            <div class=\"ap-icon-text-content\">\r\n                        Prezentujemy Pa\u0144stwu naszych specjalist\u00f3w - lekarzy, pogrupowanych wed\u0142ug specjalno\u015bci.                        <\/div>\r\n                        \r\n                                            <div class=\"ap-icon-text-readmore\">\r\n                            <a class=\"bttn\" href=\"https:\/\/konsylium.sanok.pl\/index.php\/nasi-specjalisci-lista\/\">Wi\u0119cej<\/a>\r\n                        <\/div>\r\n                                    <\/div>\r\n            <\/div>\r\n        <\/div>\r\n            <\/div><\/div><\/div><\/div>","protected":false},"excerpt":{"rendered":"<p>Leczenie w klinice KONSYLIUM<\/p>\n","protected":false},"author":1,"featured_media":0,"parent":0,"menu_order":0,"comment_status":"closed","ping_status":"open","template":"","meta":{"_monsterinsights_skip_tracking":false,"_monsterinsights_sitenote_active":false,"_monsterinsights_sitenote_note":"","_monsterinsights_sitenote_category":0},"_links":{"self":[{"href":"https:\/\/konsylium.sanok.pl\/index.php\/wp-json\/wp\/v2\/pages\/397"}],"collection":[{"href":"https:\/\/konsylium.sanok.pl\/index.php\/wp-json\/wp\/v2\/pages"}],"about":[{"href":"https:\/\/konsylium.sanok.pl\/index.php\/wp-json\/wp\/v2\/types\/page"}],"author":[{"embeddable":true,"href":"https:\/\/konsylium.sanok.pl\/index.php\/wp-json\/wp\/v2\/users\/1"}],"replies":[{"embeddable":true,"href":"https:\/\/konsylium.sanok.pl\/index.php\/wp-json\/wp\/v2\/comments?post=397"}],"version-history":[{"count":54,"href":"https:\/\/konsylium.sanok.pl\/index.php\/wp-json\/wp\/v2\/pages\/397\/revisions"}],"predecessor-version":[{"id":3206,"href":"https:\/\/konsylium.sanok.pl\/index.php\/wp-json\/wp\/v2\/pages\/397\/revisions\/3206"}],"wp:attachment":[{"href":"https:\/\/konsylium.sanok.pl\/index.php\/wp-json\/wp\/v2\/media?parent=397"}],"curies":[{"name":"wp","href":"https:\/\/api.w.org\/{rel}","templated":true}]}}