{"id":3967,"date":"2021-10-26T22:07:53","date_gmt":"2021-10-26T20:07:53","guid":{"rendered":"https:\/\/konsylium.sanok.pl\/?page_id=3967"},"modified":"2026-01-11T17:02:53","modified_gmt":"2026-01-11T16:02:53","slug":"kosmetologia","status":"publish","type":"page","link":"https:\/\/konsylium.sanok.pl\/index.php\/kosmetologia\/","title":{"rendered":"Kosmetologia"},"content":{"rendered":"<div id=\"pl-3967\"  class=\"panel-layout\" ><div id=\"pg-3967-0\"  class=\"panel-grid panel-no-style\" ><div id=\"pgc-3967-0-0\"  class=\"panel-grid-cell\" ><div id=\"panel-3967-0-0-0\" class=\"so-panel widget widget_sow-editor panel-first-child panel-last-child\" data-index=\"0\" ><div\n\t\t\t\n\t\t\tclass=\"so-widget-sow-editor so-widget-sow-editor-base\"\n\t\t\t\n\t\t>\n<div class=\"siteorigin-widget-tinymce textwidget\">\n\t<p style=\"text-align: center;\"><strong>Zapraszamy na zabiegi z zakresu Kosmetologii do Centrum Medycznego Konsylium<\/strong><\/p>\n<p style=\"text-align: justify;\">Do ka\u017cdego pacjenta i jego problemu podchodzimy indywidualnie. Oferujemy terapie skierowane na konkretne, niekiedy wielop\u0142aszczyznowe potrzeby sk\u00f3ry (np. przebarwienia, zmarszczki, teleangiektazje, brak j\u0119drno\u015bci).<br \/>\nW celu efektywno\u015bci i pe\u0142nej satysfakcji naszych klient\u00f3w wykorzystujemy zabiegi zar\u00f3wno z zakresu samej Kosmetologii jak i terapie \u0142\u0105czon\u0105 z zabiegami Medycyny Estetycznej.<\/p>\n<p><img loading=\"lazy\" class=\"alignnone wp-image-3968\" src=\"https:\/\/konsylium.sanok.pl\/wp-content\/uploads\/2021\/10\/1-13.jpg\" alt=\"\" width=\"270\" height=\"180\" srcset=\"https:\/\/konsylium.sanok.pl\/wp-content\/uploads\/2021\/10\/1-13.jpg 1200w, https:\/\/konsylium.sanok.pl\/wp-content\/uploads\/2021\/10\/1-13-300x200.jpg 300w, https:\/\/konsylium.sanok.pl\/wp-content\/uploads\/2021\/10\/1-13-1024x683.jpg 1024w, https:\/\/konsylium.sanok.pl\/wp-content\/uploads\/2021\/10\/1-13-768x512.jpg 768w, https:\/\/konsylium.sanok.pl\/wp-content\/uploads\/2021\/10\/1-13-24x16.jpg 24w, https:\/\/konsylium.sanok.pl\/wp-content\/uploads\/2021\/10\/1-13-36x24.jpg 36w, https:\/\/konsylium.sanok.pl\/wp-content\/uploads\/2021\/10\/1-13-48x32.jpg 48w, https:\/\/konsylium.sanok.pl\/wp-content\/uploads\/2021\/10\/1-13-272x182.jpg 272w\" sizes=\"(max-width: 270px) 100vw, 270px\" \/><img loading=\"lazy\" class=\"wp-image-3970 alignnone\" src=\"https:\/\/konsylium.sanok.pl\/wp-content\/uploads\/2021\/10\/01-23.jpg\" alt=\"\" width=\"270\" height=\"180\" srcset=\"https:\/\/konsylium.sanok.pl\/wp-content\/uploads\/2021\/10\/01-23.jpg 1200w, https:\/\/konsylium.sanok.pl\/wp-content\/uploads\/2021\/10\/01-23-300x200.jpg 300w, https:\/\/konsylium.sanok.pl\/wp-content\/uploads\/2021\/10\/01-23-1024x683.jpg 1024w, https:\/\/konsylium.sanok.pl\/wp-content\/uploads\/2021\/10\/01-23-768x512.jpg 768w, https:\/\/konsylium.sanok.pl\/wp-content\/uploads\/2021\/10\/01-23-24x16.jpg 24w, https:\/\/konsylium.sanok.pl\/wp-content\/uploads\/2021\/10\/01-23-36x24.jpg 36w, https:\/\/konsylium.sanok.pl\/wp-content\/uploads\/2021\/10\/01-23-48x32.jpg 48w, https:\/\/konsylium.sanok.pl\/wp-content\/uploads\/2021\/10\/01-23-272x182.jpg 272w\" sizes=\"(max-width: 270px) 100vw, 270px\" \/> <img loading=\"lazy\" class=\"wp-image-3969 alignnone\" src=\"https:\/\/konsylium.sanok.pl\/wp-content\/uploads\/2021\/10\/1-27-1.jpg\" alt=\"\" width=\"270\" height=\"180\" srcset=\"https:\/\/konsylium.sanok.pl\/wp-content\/uploads\/2021\/10\/1-27-1.jpg 1200w, https:\/\/konsylium.sanok.pl\/wp-content\/uploads\/2021\/10\/1-27-1-300x200.jpg 300w, https:\/\/konsylium.sanok.pl\/wp-content\/uploads\/2021\/10\/1-27-1-1024x683.jpg 1024w, https:\/\/konsylium.sanok.pl\/wp-content\/uploads\/2021\/10\/1-27-1-768x512.jpg 768w, https:\/\/konsylium.sanok.pl\/wp-content\/uploads\/2021\/10\/1-27-1-24x16.jpg 24w, https:\/\/konsylium.sanok.pl\/wp-content\/uploads\/2021\/10\/1-27-1-36x24.jpg 36w, https:\/\/konsylium.sanok.pl\/wp-content\/uploads\/2021\/10\/1-27-1-48x32.jpg 48w, https:\/\/konsylium.sanok.pl\/wp-content\/uploads\/2021\/10\/1-27-1-272x182.jpg 272w\" sizes=\"(max-width: 270px) 100vw, 270px\" \/><\/p>\n<\/div>\n<\/div><\/div><\/div><\/div><div id=\"pg-3967-1\"  class=\"panel-grid panel-no-style\" ><div id=\"pgc-3967-1-0\"  class=\"panel-grid-cell\" ><div id=\"panel-3967-1-0-0\" class=\"so-panel widget widget_sow-editor panel-first-child panel-last-child\" data-index=\"1\" ><div\n\t\t\t\n\t\t\tclass=\"so-widget-sow-editor so-widget-sow-editor-base\"\n\t\t\t\n\t\t>\n<div class=\"siteorigin-widget-tinymce textwidget\">\n\t<p>Zabiegi kosmetologiczne:<\/p>\n<ul>\n<li>Osocze bogato p\u0142ytkowe<\/li>\n<li>Mezoterapia ig\u0142owa i bezig\u0142owa<\/li>\n<li>Geneo<\/li>\n<li>Peelingi chemiczne<\/li>\n<li>Zabiegi relaksacyjne<\/li>\n<li>Oczyszczanie wodorowe<\/li>\n<li>BB glow<\/li>\n<li>Epilacja laserowa<\/li>\n<li>Acnelan<\/li>\n<li>Zabiegi antycellulitowe<\/li>\n<li>Zabiegi trychologiczne<\/li>\n<\/ul>\n<\/div>\n<\/div><\/div><\/div><div id=\"pgc-3967-1-1\"  class=\"panel-grid-cell panel-grid-cell-empty panel-grid-cell-mobile-last\" ><\/div><div id=\"pgc-3967-1-2\"  class=\"panel-grid-cell panel-grid-cell-empty\" ><\/div><\/div><div id=\"pg-3967-2\"  class=\"panel-grid panel-no-style\" ><div id=\"pgc-3967-2-0\"  class=\"panel-grid-cell\" ><div id=\"panel-3967-2-0-0\" class=\"so-panel widget widget_sow-editor panel-first-child panel-last-child\" data-index=\"2\" ><div\n\t\t\t\n\t\t\tclass=\"so-widget-sow-editor so-widget-sow-editor-base\"\n\t\t\t\n\t\t>\n<div class=\"siteorigin-widget-tinymce textwidget\">\n\t<p>Wi\u0119cej informacji na stronie: Konsylium estetyka<\/p>\n<p><a href=\"http:\/\/konsyliumestetyka.pl\" target=\"_blank\" rel=\"attachment noopener wp-att-3856 noreferrer\"><img loading=\"lazy\" class=\"alignnone wp-image-3856\" src=\"https:\/\/konsylium.sanok.pl\/wp-content\/uploads\/2021\/06\/Baner_Konsylium_Estetyka.png\" alt=\"\" width=\"332\" height=\"83\" srcset=\"https:\/\/konsylium.sanok.pl\/wp-content\/uploads\/2021\/06\/Baner_Konsylium_Estetyka.png 600w, https:\/\/konsylium.sanok.pl\/wp-content\/uploads\/2021\/06\/Baner_Konsylium_Estetyka-300x75.png 300w, https:\/\/konsylium.sanok.pl\/wp-content\/uploads\/2021\/06\/Baner_Konsylium_Estetyka-24x6.png 24w, https:\/\/konsylium.sanok.pl\/wp-content\/uploads\/2021\/06\/Baner_Konsylium_Estetyka-36x9.png 36w, https:\/\/konsylium.sanok.pl\/wp-content\/uploads\/2021\/06\/Baner_Konsylium_Estetyka-48x12.png 48w\" sizes=\"(max-width: 332px) 100vw, 332px\" \/><\/a><\/p>\n<\/div>\n<\/div><\/div><\/div><\/div><\/div>","protected":false},"excerpt":{"rendered":"<p>Zapraszamy na zabiegi z zakresu Kosmetologii do Centrum Medycznego Konsylium Do ka\u017cdego pacjenta i jego problemu podchodzimy indywidualnie. Oferujemy terapie skierowane na konkretne, niekiedy wielop\u0142aszczyznowe potrzeby sk\u00f3ry (np. przebarwienia, zmarszczki, teleangiektazje, brak j\u0119drno\u015bci). W celu efektywno\u015bci i pe\u0142nej satysfakcji naszych klient\u00f3w wykorzystujemy zabiegi zar\u00f3wno z zakresu samej Kosmetologii jak i terapie \u0142\u0105czon\u0105 z zabiegami Medycyny&#8230;<\/p>\n","protected":false},"author":1,"featured_media":0,"parent":0,"menu_order":0,"comment_status":"closed","ping_status":"closed","template":"","meta":{"_monsterinsights_skip_tracking":false,"_monsterinsights_sitenote_active":false,"_monsterinsights_sitenote_note":"","_monsterinsights_sitenote_category":0},"_links":{"self":[{"href":"https:\/\/konsylium.sanok.pl\/index.php\/wp-json\/wp\/v2\/pages\/3967"}],"collection":[{"href":"https:\/\/konsylium.sanok.pl\/index.php\/wp-json\/wp\/v2\/pages"}],"about":[{"href":"https:\/\/konsylium.sanok.pl\/index.php\/wp-json\/wp\/v2\/types\/page"}],"author":[{"embeddable":true,"href":"https:\/\/konsylium.sanok.pl\/index.php\/wp-json\/wp\/v2\/users\/1"}],"replies":[{"embeddable":true,"href":"https:\/\/konsylium.sanok.pl\/index.php\/wp-json\/wp\/v2\/comments?post=3967"}],"version-history":[{"count":22,"href":"https:\/\/konsylium.sanok.pl\/index.php\/wp-json\/wp\/v2\/pages\/3967\/revisions"}],"predecessor-version":[{"id":5221,"href":"https:\/\/konsylium.sanok.pl\/index.php\/wp-json\/wp\/v2\/pages\/3967\/revisions\/5221"}],"wp:attachment":[{"href":"https:\/\/konsylium.sanok.pl\/index.php\/wp-json\/wp\/v2\/media?parent=3967"}],"curies":[{"name":"wp","href":"https:\/\/api.w.org\/{rel}","templated":true}]}}