{"id":3655,"date":"2021-01-18T00:38:38","date_gmt":"2021-01-17T23:38:38","guid":{"rendered":"https:\/\/konsylium.sanok.pl\/?page_id=3655"},"modified":"2021-01-18T00:38:38","modified_gmt":"2021-01-17T23:38:38","slug":"chirurgia-dziecieca","status":"publish","type":"page","link":"https:\/\/konsylium.sanok.pl\/index.php\/chirurgia-dziecieca\/","title":{"rendered":"Chirurgia dzieci\u0119ca"},"content":{"rendered":"<div id=\"pl-3655\"  class=\"panel-layout\" ><div id=\"pg-3655-0\"  class=\"panel-grid panel-no-style\" ><div id=\"pgc-3655-0-0\"  class=\"panel-grid-cell panel-grid-cell-mobile-last\" ><div id=\"panel-3655-0-0-0\" class=\"so-panel widget widget_accesspress_preview_post panel-first-child panel-last-child\" data-index=\"0\" >                <div class=\"ap-widget-preview wow zoomIn\">\r\n                    <div class=\"widget-preview-thumbnail\"><img width=\"540\" height=\"350\" src=\"https:\/\/konsylium.sanok.pl\/wp-content\/uploads\/2017\/01\/m_kadziela-540x350.jpg\" class=\"attachment-medium-thumbnail size-medium-thumbnail wp-post-image\" alt=\"\" loading=\"lazy\" \/><\/div><h3 class=\"widget-title\">Lek. med. Micha\u0142 K\u0105dziela<\/h3><div class=\"widget-preview-excerpt\">Specjalista chirurgii dzieci\u0119cej\r\n\r\nStudia medyczne uko\u0144czy\u0142 w 1985 r. na Wydziale Lekarskim Akademii Medycznej im. M. Kopernika w Krakowie.\r\nChirurgi<\/div><div class=\"widget-preview-more\"><a class=\"read-more ap-bttn\" href=\"https:\/\/konsylium.sanok.pl\/index.php\/2017\/01\/18\/lek-med-michal-kadziela\/\">Wi\u0119cej...<\/a><\/div>                <\/div>\r\n                <\/div><\/div><div id=\"pgc-3655-0-1\"  class=\"panel-grid-cell panel-grid-cell-empty\" ><\/div><\/div><\/div>","protected":false},"excerpt":{"rendered":"<p>Lek. med. Micha\u0142 K\u0105dzielaSpecjalista chirurgii dzieci\u0119cej Studia medyczne uko\u0144czy\u0142 w 1985 r. na Wydziale Lekarskim Akademii Medycznej im. M. Kopernika w Krakowie. ChirurgiWi\u0119cej&#8230;<\/p>\n","protected":false},"author":1,"featured_media":0,"parent":0,"menu_order":0,"comment_status":"closed","ping_status":"open","template":"","meta":{"_monsterinsights_skip_tracking":false,"_monsterinsights_sitenote_active":false,"_monsterinsights_sitenote_note":"","_monsterinsights_sitenote_category":0},"_links":{"self":[{"href":"https:\/\/konsylium.sanok.pl\/index.php\/wp-json\/wp\/v2\/pages\/3655"}],"collection":[{"href":"https:\/\/konsylium.sanok.pl\/index.php\/wp-json\/wp\/v2\/pages"}],"about":[{"href":"https:\/\/konsylium.sanok.pl\/index.php\/wp-json\/wp\/v2\/types\/page"}],"author":[{"embeddable":true,"href":"https:\/\/konsylium.sanok.pl\/index.php\/wp-json\/wp\/v2\/users\/1"}],"replies":[{"embeddable":true,"href":"https:\/\/konsylium.sanok.pl\/index.php\/wp-json\/wp\/v2\/comments?post=3655"}],"version-history":[{"count":2,"href":"https:\/\/konsylium.sanok.pl\/index.php\/wp-json\/wp\/v2\/pages\/3655\/revisions"}],"predecessor-version":[{"id":3657,"href":"https:\/\/konsylium.sanok.pl\/index.php\/wp-json\/wp\/v2\/pages\/3655\/revisions\/3657"}],"wp:attachment":[{"href":"https:\/\/konsylium.sanok.pl\/index.php\/wp-json\/wp\/v2\/media?parent=3655"}],"curies":[{"name":"wp","href":"https:\/\/api.w.org\/{rel}","templated":true}]}}