{"id":2994,"date":"2019-10-04T11:02:15","date_gmt":"2019-10-04T09:02:15","guid":{"rendered":"https:\/\/konsylium.sanok.pl\/?page_id=2994"},"modified":"2023-11-08T22:05:23","modified_gmt":"2023-11-08T21:05:23","slug":"dietetyka","status":"publish","type":"page","link":"https:\/\/konsylium.sanok.pl\/index.php\/dietetyka\/","title":{"rendered":"Dietetyka"},"content":{"rendered":"<div id=\"pl-2994\"  class=\"panel-layout\" ><div id=\"pg-2994-0\"  class=\"panel-grid panel-no-style\" ><div id=\"pgc-2994-0-0\"  class=\"panel-grid-cell panel-grid-cell-mobile-last\" ><div id=\"panel-2994-0-0-0\" class=\"so-panel widget widget_accesspress_preview_post panel-first-child panel-last-child\" data-index=\"0\" >                <div class=\"ap-widget-preview wow zoomIn\">\r\n                    <div class=\"widget-preview-thumbnail\"><img width=\"540\" height=\"350\" src=\"https:\/\/konsylium.sanok.pl\/wp-content\/uploads\/2018\/03\/a_mazur-540x350.jpg\" class=\"attachment-medium-thumbnail size-medium-thumbnail wp-post-image\" alt=\"\" loading=\"lazy\" \/><\/div><h3 class=\"widget-title\">Mgr Agnieszka Mazur<\/h3><div class=\"widget-preview-excerpt\">Dietetyk Kliniczny Psychodietetyk |\r\n\r\n\r\n \tUko\u0144czy\u0142a studia magisterskie na \u015al\u0105skim Uniwersytecie Medycznym w Katowicach na wydziale Zdrowia Publiczne<\/div><div class=\"widget-preview-more\"><a class=\"read-more ap-bttn\" href=\"https:\/\/konsylium.sanok.pl\/index.php\/2018\/03\/12\/mgr-agnieszka-mazur\/\">Wi\u0119cej...<\/a><\/div>                <\/div>\r\n                <\/div><\/div><div id=\"pgc-2994-0-1\"  class=\"panel-grid-cell panel-grid-cell-empty\" ><\/div><\/div><\/div>","protected":false},"excerpt":{"rendered":"<p>Mgr Agnieszka MazurDietetyk Kliniczny Psychodietetyk | Uko\u0144czy\u0142a studia magisterskie na \u015al\u0105skim Uniwersytecie Medycznym w Katowicach na wydziale Zdrowia PubliczneWi\u0119cej&#8230;<\/p>\n","protected":false},"author":1,"featured_media":0,"parent":0,"menu_order":0,"comment_status":"closed","ping_status":"open","template":"","meta":{"_monsterinsights_skip_tracking":false,"_monsterinsights_sitenote_active":false,"_monsterinsights_sitenote_note":"","_monsterinsights_sitenote_category":0},"_links":{"self":[{"href":"https:\/\/konsylium.sanok.pl\/index.php\/wp-json\/wp\/v2\/pages\/2994"}],"collection":[{"href":"https:\/\/konsylium.sanok.pl\/index.php\/wp-json\/wp\/v2\/pages"}],"about":[{"href":"https:\/\/konsylium.sanok.pl\/index.php\/wp-json\/wp\/v2\/types\/page"}],"author":[{"embeddable":true,"href":"https:\/\/konsylium.sanok.pl\/index.php\/wp-json\/wp\/v2\/users\/1"}],"replies":[{"embeddable":true,"href":"https:\/\/konsylium.sanok.pl\/index.php\/wp-json\/wp\/v2\/comments?post=2994"}],"version-history":[{"count":6,"href":"https:\/\/konsylium.sanok.pl\/index.php\/wp-json\/wp\/v2\/pages\/2994\/revisions"}],"predecessor-version":[{"id":4628,"href":"https:\/\/konsylium.sanok.pl\/index.php\/wp-json\/wp\/v2\/pages\/2994\/revisions\/4628"}],"wp:attachment":[{"href":"https:\/\/konsylium.sanok.pl\/index.php\/wp-json\/wp\/v2\/media?parent=2994"}],"curies":[{"name":"wp","href":"https:\/\/api.w.org\/{rel}","templated":true}]}}