{"id":2506,"date":"2019-03-18T01:16:41","date_gmt":"2019-03-18T00:16:41","guid":{"rendered":"http:\/\/konsylium.sanok.pl\/?page_id=2506"},"modified":"2024-12-31T11:57:49","modified_gmt":"2024-12-31T10:57:49","slug":"ortopedia","status":"publish","type":"page","link":"https:\/\/konsylium.sanok.pl\/index.php\/ortopedia\/","title":{"rendered":"Ortopedia"},"content":{"rendered":"<div id=\"pl-2506\"  class=\"panel-layout\" ><div id=\"pg-2506-0\"  class=\"panel-grid panel-no-style\" ><div id=\"pgc-2506-0-0\"  class=\"panel-grid-cell\" ><div id=\"panel-2506-0-0-0\" class=\"so-panel widget widget_accesspress_preview_post panel-first-child panel-last-child\" data-index=\"0\" >                <div class=\"ap-widget-preview wow zoomIn\">\r\n                    <div class=\"widget-preview-thumbnail\"><img width=\"540\" height=\"350\" src=\"https:\/\/konsylium.sanok.pl\/wp-content\/uploads\/2014\/09\/zespol-540x350.jpg\" class=\"attachment-medium-thumbnail size-medium-thumbnail wp-post-image\" alt=\"\" loading=\"lazy\" \/><\/div><h3 class=\"widget-title\">Dr n. med. Wies\u0142aw Piecuch<\/h3><div class=\"widget-preview-excerpt\">Specjalista chirurgii urazowo-ortopedycznej |\r\n\r\n\r\n \tSzko\u0142\u0119 podstawow\u0105 i liceum og\u00f3lnokszta\u0142c\u0105ce uko\u0144czy\u0142 w Sanoku.\r\n \tSta\u017c podyplomowy odby\u0142 w Szpita<\/div><div class=\"widget-preview-more\"><a class=\"read-more ap-bttn\" href=\"https:\/\/konsylium.sanok.pl\/index.php\/2018\/03\/12\/dr-n-med-wieslaw-piecuch\/\">Wi\u0119cej...<\/a><\/div>                <\/div>\r\n                <\/div><\/div><div id=\"pgc-2506-0-1\"  class=\"panel-grid-cell\" ><div id=\"panel-2506-0-1-0\" class=\"so-panel widget widget_accesspress_preview_post panel-first-child panel-last-child\" data-index=\"1\" >                <div class=\"ap-widget-preview wow zoomIn\">\r\n                    <div class=\"widget-preview-thumbnail\"><img width=\"540\" height=\"350\" src=\"https:\/\/konsylium.sanok.pl\/wp-content\/uploads\/2024\/12\/m_drwiega-540x350.jpg\" class=\"attachment-medium-thumbnail size-medium-thumbnail wp-post-image\" alt=\"\" loading=\"lazy\" \/><\/div><h3 class=\"widget-title\">Lek. med. Micha\u0142 Drwi\u0119ga<\/h3><div class=\"widget-preview-excerpt\">Specjalista ortopedii i traumatologii narz\u0105du ruchu |\r\n\r\n \tUko\u0144czy\u0142 Warszawsk\u0105 Akademi\u0119 Medyczn\u0105 (obecnie Warszawski Uniwersytet Medyczny) w 2001 roku<\/div><div class=\"widget-preview-more\"><a class=\"read-more ap-bttn\" href=\"https:\/\/konsylium.sanok.pl\/index.php\/2022\/12\/31\/lek-med-michal-drwiega\/\">Wi\u0119cej...<\/a><\/div>                <\/div>\r\n                <\/div><\/div><\/div><\/div>","protected":false},"excerpt":{"rendered":"<p>Dr n. med. Wies\u0142aw PiecuchSpecjalista chirurgii urazowo-ortopedycznej | Szko\u0142\u0119 podstawow\u0105 i liceum og\u00f3lnokszta\u0142c\u0105ce uko\u0144czy\u0142 w Sanoku. Sta\u017c podyplomowy odby\u0142 w SzpitaWi\u0119cej&#8230; Lek. med. Micha\u0142 Drwi\u0119gaSpecjalista ortopedii i traumatologii narz\u0105du ruchu | Uko\u0144czy\u0142 Warszawsk\u0105 Akademi\u0119 Medyczn\u0105 (obecnie Warszawski Uniwersytet Medyczny) w 2001 rokuWi\u0119cej&#8230;<\/p>\n","protected":false},"author":1,"featured_media":0,"parent":0,"menu_order":0,"comment_status":"closed","ping_status":"open","template":"","meta":{"_monsterinsights_skip_tracking":false,"_monsterinsights_sitenote_active":false,"_monsterinsights_sitenote_note":"","_monsterinsights_sitenote_category":0},"_links":{"self":[{"href":"https:\/\/konsylium.sanok.pl\/index.php\/wp-json\/wp\/v2\/pages\/2506"}],"collection":[{"href":"https:\/\/konsylium.sanok.pl\/index.php\/wp-json\/wp\/v2\/pages"}],"about":[{"href":"https:\/\/konsylium.sanok.pl\/index.php\/wp-json\/wp\/v2\/types\/page"}],"author":[{"embeddable":true,"href":"https:\/\/konsylium.sanok.pl\/index.php\/wp-json\/wp\/v2\/users\/1"}],"replies":[{"embeddable":true,"href":"https:\/\/konsylium.sanok.pl\/index.php\/wp-json\/wp\/v2\/comments?post=2506"}],"version-history":[{"count":4,"href":"https:\/\/konsylium.sanok.pl\/index.php\/wp-json\/wp\/v2\/pages\/2506\/revisions"}],"predecessor-version":[{"id":4984,"href":"https:\/\/konsylium.sanok.pl\/index.php\/wp-json\/wp\/v2\/pages\/2506\/revisions\/4984"}],"wp:attachment":[{"href":"https:\/\/konsylium.sanok.pl\/index.php\/wp-json\/wp\/v2\/media?parent=2506"}],"curies":[{"name":"wp","href":"https:\/\/api.w.org\/{rel}","templated":true}]}}