{"id":2480,"date":"2019-03-17T23:34:18","date_gmt":"2019-03-17T22:34:18","guid":{"rendered":"http:\/\/konsylium.sanok.pl\/?page_id=2480"},"modified":"2022-04-25T01:01:20","modified_gmt":"2022-04-24T23:01:20","slug":"psychologia-psychoterapia","status":"publish","type":"page","link":"https:\/\/konsylium.sanok.pl\/index.php\/psychologia-psychoterapia\/","title":{"rendered":"Psychologia\/Psychoterapia"},"content":{"rendered":"<div id=\"pl-2480\"  class=\"panel-layout\" ><div id=\"pg-2480-0\"  class=\"panel-grid panel-no-style\" ><div id=\"pgc-2480-0-0\"  class=\"panel-grid-cell panel-grid-cell-mobile-last\" ><div id=\"panel-2480-0-0-0\" class=\"so-panel widget widget_accesspress_preview_post panel-first-child panel-last-child\" data-index=\"0\" >                <div class=\"ap-widget-preview wow zoomIn\">\r\n                    <div class=\"widget-preview-thumbnail\"><img width=\"540\" height=\"350\" src=\"https:\/\/konsylium.sanok.pl\/wp-content\/uploads\/2024\/12\/a_florko-przybylska-2-540x350.jpg\" class=\"attachment-medium-thumbnail size-medium-thumbnail wp-post-image\" alt=\"\" loading=\"lazy\" \/><\/div><h3 class=\"widget-title\">Mgr Anna Florko-Przybylska<\/h3><div class=\"widget-preview-excerpt\">Pedagog, socjoterapeuta, certyfikowany specjalista psychoterapii uzale\u017cnie\u0144 |\r\n\r\nWykszta\u0142cenie\r\n\r\n\r\n \tw 2002 r. uko\u0144czy\u0142a studia magisterskie na Akade<\/div><div class=\"widget-preview-more\"><a class=\"read-more ap-bttn\" href=\"https:\/\/konsylium.sanok.pl\/index.php\/2018\/09\/25\/mgr-anna-florko-przybylska\/\">Wi\u0119cej...<\/a><\/div>                <\/div>\r\n                <\/div><\/div><div id=\"pgc-2480-0-1\"  class=\"panel-grid-cell panel-grid-cell-empty\" ><\/div><\/div><\/div>","protected":false},"excerpt":{"rendered":"<p>Mgr Anna Florko-PrzybylskaPedagog, socjoterapeuta, certyfikowany specjalista psychoterapii uzale\u017cnie\u0144 | Wykszta\u0142cenie w 2002 r. uko\u0144czy\u0142a studia magisterskie na AkadeWi\u0119cej&#8230;<\/p>\n","protected":false},"author":1,"featured_media":0,"parent":0,"menu_order":0,"comment_status":"closed","ping_status":"open","template":"","meta":{"_monsterinsights_skip_tracking":false,"_monsterinsights_sitenote_active":false,"_monsterinsights_sitenote_note":"","_monsterinsights_sitenote_category":0},"_links":{"self":[{"href":"https:\/\/konsylium.sanok.pl\/index.php\/wp-json\/wp\/v2\/pages\/2480"}],"collection":[{"href":"https:\/\/konsylium.sanok.pl\/index.php\/wp-json\/wp\/v2\/pages"}],"about":[{"href":"https:\/\/konsylium.sanok.pl\/index.php\/wp-json\/wp\/v2\/types\/page"}],"author":[{"embeddable":true,"href":"https:\/\/konsylium.sanok.pl\/index.php\/wp-json\/wp\/v2\/users\/1"}],"replies":[{"embeddable":true,"href":"https:\/\/konsylium.sanok.pl\/index.php\/wp-json\/wp\/v2\/comments?post=2480"}],"version-history":[{"count":7,"href":"https:\/\/konsylium.sanok.pl\/index.php\/wp-json\/wp\/v2\/pages\/2480\/revisions"}],"predecessor-version":[{"id":4175,"href":"https:\/\/konsylium.sanok.pl\/index.php\/wp-json\/wp\/v2\/pages\/2480\/revisions\/4175"}],"wp:attachment":[{"href":"https:\/\/konsylium.sanok.pl\/index.php\/wp-json\/wp\/v2\/media?parent=2480"}],"curies":[{"name":"wp","href":"https:\/\/api.w.org\/{rel}","templated":true}]}}