{"id":2347,"date":"2018-10-12T00:28:12","date_gmt":"2018-10-11T22:28:12","guid":{"rendered":"http:\/\/konsylium.sanok.pl\/?page_id=2347"},"modified":"2019-07-24T00:26:41","modified_gmt":"2019-07-23T22:26:41","slug":"psychiatria","status":"publish","type":"page","link":"https:\/\/konsylium.sanok.pl\/index.php\/psychiatria\/","title":{"rendered":"Psychiatria"},"content":{"rendered":"<div id=\"pl-2347\"  class=\"panel-layout\" ><div id=\"pg-2347-0\"  class=\"panel-grid panel-no-style\" ><div id=\"pgc-2347-0-0\"  class=\"panel-grid-cell panel-grid-cell-mobile-last\" ><div id=\"panel-2347-0-0-0\" class=\"so-panel widget widget_accesspress_preview_post panel-first-child panel-last-child\" data-index=\"0\" >                <div class=\"ap-widget-preview wow zoomIn\">\r\n                    <div class=\"widget-preview-thumbnail\"><img width=\"540\" height=\"350\" src=\"https:\/\/konsylium.sanok.pl\/wp-content\/uploads\/2014\/09\/zespol-540x350.jpg\" class=\"attachment-medium-thumbnail size-medium-thumbnail wp-post-image\" alt=\"\" loading=\"lazy\" \/><\/div><h3 class=\"widget-title\">Lek. med. Marta St\u0105por<\/h3><div class=\"widget-preview-excerpt\">Specjalista psychiatrii, specjalista psychiatrii dzieci i m\u0142odzie\u017cy\u00a0|\r\nUko\u0144czy\u0142a Wydzia\u0142 Lekarski Akademii Medycznej w Katowicach.\r\nUzyska\u0142a specjaliz<\/div><div class=\"widget-preview-more\"><a class=\"read-more ap-bttn\" href=\"https:\/\/konsylium.sanok.pl\/index.php\/2018\/03\/11\/lek-med-marta-stapor\/\">Wi\u0119cej...<\/a><\/div>                <\/div>\r\n                <\/div><\/div><div id=\"pgc-2347-0-1\"  class=\"panel-grid-cell panel-grid-cell-empty\" ><\/div><\/div><\/div>","protected":false},"excerpt":{"rendered":"<p>Lek. med. Marta St\u0105porSpecjalista psychiatrii, specjalista psychiatrii dzieci i m\u0142odzie\u017cy\u00a0| Uko\u0144czy\u0142a Wydzia\u0142 Lekarski Akademii Medycznej w Katowicach. Uzyska\u0142a specjalizWi\u0119cej&#8230;<\/p>\n","protected":false},"author":1,"featured_media":0,"parent":0,"menu_order":0,"comment_status":"closed","ping_status":"closed","template":"","meta":{"_monsterinsights_skip_tracking":false,"_monsterinsights_sitenote_active":false,"_monsterinsights_sitenote_note":"","_monsterinsights_sitenote_category":0},"_links":{"self":[{"href":"https:\/\/konsylium.sanok.pl\/index.php\/wp-json\/wp\/v2\/pages\/2347"}],"collection":[{"href":"https:\/\/konsylium.sanok.pl\/index.php\/wp-json\/wp\/v2\/pages"}],"about":[{"href":"https:\/\/konsylium.sanok.pl\/index.php\/wp-json\/wp\/v2\/types\/page"}],"author":[{"embeddable":true,"href":"https:\/\/konsylium.sanok.pl\/index.php\/wp-json\/wp\/v2\/users\/1"}],"replies":[{"embeddable":true,"href":"https:\/\/konsylium.sanok.pl\/index.php\/wp-json\/wp\/v2\/comments?post=2347"}],"version-history":[{"count":5,"href":"https:\/\/konsylium.sanok.pl\/index.php\/wp-json\/wp\/v2\/pages\/2347\/revisions"}],"predecessor-version":[{"id":2797,"href":"https:\/\/konsylium.sanok.pl\/index.php\/wp-json\/wp\/v2\/pages\/2347\/revisions\/2797"}],"wp:attachment":[{"href":"https:\/\/konsylium.sanok.pl\/index.php\/wp-json\/wp\/v2\/media?parent=2347"}],"curies":[{"name":"wp","href":"https:\/\/api.w.org\/{rel}","templated":true}]}}