{"id":1835,"date":"2018-06-07T20:59:06","date_gmt":"2018-06-07T18:59:06","guid":{"rendered":"http:\/\/konsylium.sanok.pl\/?page_id=1835"},"modified":"2024-09-16T00:17:15","modified_gmt":"2024-09-15T22:17:15","slug":"neurochirurgia","status":"publish","type":"page","link":"https:\/\/konsylium.sanok.pl\/index.php\/neurochirurgia\/","title":{"rendered":"Neurochirurgia"},"content":{"rendered":"<div id=\"pl-1835\"  class=\"panel-layout\" ><div id=\"pg-1835-0\"  class=\"panel-grid panel-no-style\" ><div id=\"pgc-1835-0-0\"  class=\"panel-grid-cell\" ><div id=\"panel-1835-0-0-0\" class=\"so-panel widget widget_accesspress_preview_post panel-first-child panel-last-child\" data-index=\"0\" >                <div class=\"ap-widget-preview wow zoomIn\">\r\n                    <div class=\"widget-preview-thumbnail\"><img width=\"540\" height=\"350\" src=\"https:\/\/konsylium.sanok.pl\/wp-content\/uploads\/2018\/03\/r_konior-540x350.jpg\" class=\"attachment-medium-thumbnail size-medium-thumbnail wp-post-image\" alt=\"\" loading=\"lazy\" \/><\/div><h3 class=\"widget-title\">Lek. med. Robert Konior<\/h3><div class=\"widget-preview-excerpt\">Specjalista neurochirurg\u00a0|\r\n\r\n\r\n\r\n \tAsystent Oddzia\u0142u Neurochirurgii Szpitala \u015aw \u0141ukasza w Tarnowie\r\n \tAbsolwent Wydzia\u0142u Lekarskiego CMUJ w Krakowie <\/div><div class=\"widget-preview-more\"><a class=\"read-more ap-bttn\" href=\"https:\/\/konsylium.sanok.pl\/index.php\/2018\/03\/13\/lek-med-robert-konior\/\">Wi\u0119cej...<\/a><\/div>                <\/div>\r\n                <\/div><\/div><div id=\"pgc-1835-0-1\"  class=\"panel-grid-cell panel-grid-cell-empty panel-grid-cell-mobile-last\" ><\/div><div id=\"pgc-1835-0-2\"  class=\"panel-grid-cell panel-grid-cell-empty\" ><\/div><\/div><\/div>","protected":false},"excerpt":{"rendered":"<p>Lek. med. Robert KoniorSpecjalista neurochirurg\u00a0| Asystent Oddzia\u0142u Neurochirurgii Szpitala \u015aw \u0141ukasza w Tarnowie Absolwent Wydzia\u0142u Lekarskiego CMUJ w Krakowie Wi\u0119cej&#8230;<\/p>\n","protected":false},"author":1,"featured_media":0,"parent":0,"menu_order":0,"comment_status":"closed","ping_status":"open","template":"","meta":{"_monsterinsights_skip_tracking":false,"_monsterinsights_sitenote_active":false,"_monsterinsights_sitenote_note":"","_monsterinsights_sitenote_category":0},"_links":{"self":[{"href":"https:\/\/konsylium.sanok.pl\/index.php\/wp-json\/wp\/v2\/pages\/1835"}],"collection":[{"href":"https:\/\/konsylium.sanok.pl\/index.php\/wp-json\/wp\/v2\/pages"}],"about":[{"href":"https:\/\/konsylium.sanok.pl\/index.php\/wp-json\/wp\/v2\/types\/page"}],"author":[{"embeddable":true,"href":"https:\/\/konsylium.sanok.pl\/index.php\/wp-json\/wp\/v2\/users\/1"}],"replies":[{"embeddable":true,"href":"https:\/\/konsylium.sanok.pl\/index.php\/wp-json\/wp\/v2\/comments?post=1835"}],"version-history":[{"count":4,"href":"https:\/\/konsylium.sanok.pl\/index.php\/wp-json\/wp\/v2\/pages\/1835\/revisions"}],"predecessor-version":[{"id":4854,"href":"https:\/\/konsylium.sanok.pl\/index.php\/wp-json\/wp\/v2\/pages\/1835\/revisions\/4854"}],"wp:attachment":[{"href":"https:\/\/konsylium.sanok.pl\/index.php\/wp-json\/wp\/v2\/media?parent=1835"}],"curies":[{"name":"wp","href":"https:\/\/api.w.org\/{rel}","templated":true}]}}