{"id":1833,"date":"2018-06-07T20:58:42","date_gmt":"2018-06-07T18:58:42","guid":{"rendered":"http:\/\/konsylium.sanok.pl\/?page_id=1833"},"modified":"2018-06-07T21:28:12","modified_gmt":"2018-06-07T19:28:12","slug":"nefrologia","status":"publish","type":"page","link":"https:\/\/konsylium.sanok.pl\/index.php\/nefrologia\/","title":{"rendered":"Nefrologia"},"content":{"rendered":"<div id=\"pl-1833\"  class=\"panel-layout\" ><div id=\"pg-1833-0\"  class=\"panel-grid panel-no-style\" ><div id=\"pgc-1833-0-0\"  class=\"panel-grid-cell panel-grid-cell-mobile-last\" ><div id=\"panel-1833-0-0-0\" class=\"so-panel widget widget_accesspress_preview_post panel-first-child panel-last-child\" data-index=\"0\" >                <div class=\"ap-widget-preview wow zoomIn\">\r\n                    <div class=\"widget-preview-thumbnail\"><img width=\"540\" height=\"350\" src=\"https:\/\/konsylium.sanok.pl\/wp-content\/uploads\/2014\/09\/zespol-540x350.jpg\" class=\"attachment-medium-thumbnail size-medium-thumbnail wp-post-image\" alt=\"\" loading=\"lazy\" \/><\/div><h3 class=\"widget-title\">Lek. med. Joanna Pawlikowska<\/h3><div class=\"widget-preview-excerpt\">Specjalista chor\u00f3b wewn\u0119trznych, specjalista nefrolog\u00a0|\r\n\r\nUko\u0144czy\u0142a Akademi\u0119 Medyczn\u0105 w Lublinie w 2002r.\r\nTytu\u0142 specjalisty Chor\u00f3b Wewn\u0119trznych uzys<\/div><div class=\"widget-preview-more\"><a class=\"read-more ap-bttn\" href=\"https:\/\/konsylium.sanok.pl\/index.php\/2018\/03\/12\/lek-med-joanna-pawlikowska\/\">Wi\u0119cej...<\/a><\/div>                <\/div>\r\n                <\/div><\/div><div id=\"pgc-1833-0-1\"  class=\"panel-grid-cell panel-grid-cell-empty\" ><\/div><\/div><\/div>","protected":false},"excerpt":{"rendered":"<p>Lek. med. Joanna PawlikowskaSpecjalista chor\u00f3b wewn\u0119trznych, specjalista nefrolog\u00a0| Uko\u0144czy\u0142a Akademi\u0119 Medyczn\u0105 w Lublinie w 2002r. Tytu\u0142 specjalisty Chor\u00f3b Wewn\u0119trznych uzysWi\u0119cej&#8230;<\/p>\n","protected":false},"author":1,"featured_media":0,"parent":0,"menu_order":0,"comment_status":"closed","ping_status":"open","template":"","meta":{"_monsterinsights_skip_tracking":false,"_monsterinsights_sitenote_active":false,"_monsterinsights_sitenote_note":"","_monsterinsights_sitenote_category":0},"_links":{"self":[{"href":"https:\/\/konsylium.sanok.pl\/index.php\/wp-json\/wp\/v2\/pages\/1833"}],"collection":[{"href":"https:\/\/konsylium.sanok.pl\/index.php\/wp-json\/wp\/v2\/pages"}],"about":[{"href":"https:\/\/konsylium.sanok.pl\/index.php\/wp-json\/wp\/v2\/types\/page"}],"author":[{"embeddable":true,"href":"https:\/\/konsylium.sanok.pl\/index.php\/wp-json\/wp\/v2\/users\/1"}],"replies":[{"embeddable":true,"href":"https:\/\/konsylium.sanok.pl\/index.php\/wp-json\/wp\/v2\/comments?post=1833"}],"version-history":[{"count":2,"href":"https:\/\/konsylium.sanok.pl\/index.php\/wp-json\/wp\/v2\/pages\/1833\/revisions"}],"predecessor-version":[{"id":1870,"href":"https:\/\/konsylium.sanok.pl\/index.php\/wp-json\/wp\/v2\/pages\/1833\/revisions\/1870"}],"wp:attachment":[{"href":"https:\/\/konsylium.sanok.pl\/index.php\/wp-json\/wp\/v2\/media?parent=1833"}],"curies":[{"name":"wp","href":"https:\/\/api.w.org\/{rel}","templated":true}]}}