{"id":1831,"date":"2018-06-07T20:58:17","date_gmt":"2018-06-07T18:58:17","guid":{"rendered":"http:\/\/konsylium.sanok.pl\/?page_id=1831"},"modified":"2018-06-07T21:27:49","modified_gmt":"2018-06-07T19:27:49","slug":"medycyna-pracy","status":"publish","type":"page","link":"https:\/\/konsylium.sanok.pl\/index.php\/medycyna-pracy\/","title":{"rendered":"Medycyna pracy"},"content":{"rendered":"<div id=\"pl-1831\"  class=\"panel-layout\" ><div id=\"pg-1831-0\"  class=\"panel-grid panel-no-style\" ><div id=\"pgc-1831-0-0\"  class=\"panel-grid-cell panel-grid-cell-mobile-last\" ><div id=\"panel-1831-0-0-0\" class=\"so-panel widget widget_accesspress_preview_post panel-first-child panel-last-child\" data-index=\"0\" >                <div class=\"ap-widget-preview wow zoomIn\">\r\n                    <div class=\"widget-preview-thumbnail\"><img width=\"540\" height=\"350\" src=\"https:\/\/konsylium.sanok.pl\/wp-content\/uploads\/2018\/03\/a_zielnica-540x350.jpg\" class=\"attachment-medium-thumbnail size-medium-thumbnail wp-post-image\" alt=\"\" loading=\"lazy\" \/><\/div><h3 class=\"widget-title\">Lek. med. Anna Zielnica-Buk\u0142ad<\/h3><div class=\"widget-preview-excerpt\">Specjalista dermatolog, specjalista medycyny pracy |\r\n\r\n\r\nUko\u0144czy\u0142a studia na kierunku lekarskim w Akademii Medycznej im. Karola Marcinkowskiego w Poz<\/div><div class=\"widget-preview-more\"><a class=\"read-more ap-bttn\" href=\"https:\/\/konsylium.sanok.pl\/index.php\/2018\/03\/10\/lek-med-anna-zielnica\/\">Wi\u0119cej...<\/a><\/div>                <\/div>\r\n                <\/div><\/div><div id=\"pgc-1831-0-1\"  class=\"panel-grid-cell panel-grid-cell-empty\" ><\/div><\/div><\/div>","protected":false},"excerpt":{"rendered":"<p>Lek. med. Anna Zielnica-Buk\u0142adSpecjalista dermatolog, specjalista medycyny pracy | Uko\u0144czy\u0142a studia na kierunku lekarskim w Akademii Medycznej im. Karola Marcinkowskiego w PozWi\u0119cej&#8230;<\/p>\n","protected":false},"author":1,"featured_media":0,"parent":0,"menu_order":0,"comment_status":"closed","ping_status":"open","template":"","meta":{"_monsterinsights_skip_tracking":false,"_monsterinsights_sitenote_active":false,"_monsterinsights_sitenote_note":"","_monsterinsights_sitenote_category":0},"_links":{"self":[{"href":"https:\/\/konsylium.sanok.pl\/index.php\/wp-json\/wp\/v2\/pages\/1831"}],"collection":[{"href":"https:\/\/konsylium.sanok.pl\/index.php\/wp-json\/wp\/v2\/pages"}],"about":[{"href":"https:\/\/konsylium.sanok.pl\/index.php\/wp-json\/wp\/v2\/types\/page"}],"author":[{"embeddable":true,"href":"https:\/\/konsylium.sanok.pl\/index.php\/wp-json\/wp\/v2\/users\/1"}],"replies":[{"embeddable":true,"href":"https:\/\/konsylium.sanok.pl\/index.php\/wp-json\/wp\/v2\/comments?post=1831"}],"version-history":[{"count":3,"href":"https:\/\/konsylium.sanok.pl\/index.php\/wp-json\/wp\/v2\/pages\/1831\/revisions"}],"predecessor-version":[{"id":4323,"href":"https:\/\/konsylium.sanok.pl\/index.php\/wp-json\/wp\/v2\/pages\/1831\/revisions\/4323"}],"wp:attachment":[{"href":"https:\/\/konsylium.sanok.pl\/index.php\/wp-json\/wp\/v2\/media?parent=1831"}],"curies":[{"name":"wp","href":"https:\/\/api.w.org\/{rel}","templated":true}]}}