{"id":1827,"date":"2018-06-07T20:57:26","date_gmt":"2018-06-07T18:57:26","guid":{"rendered":"http:\/\/konsylium.sanok.pl\/?page_id=1827"},"modified":"2019-02-12T00:17:04","modified_gmt":"2019-02-11T23:17:04","slug":"hematologia","status":"publish","type":"page","link":"https:\/\/konsylium.sanok.pl\/index.php\/hematologia\/","title":{"rendered":"Hematologia"},"content":{"rendered":"<div id=\"pl-1827\"  class=\"panel-layout\" ><div id=\"pg-1827-0\"  class=\"panel-grid panel-no-style\" ><div id=\"pgc-1827-0-0\"  class=\"panel-grid-cell panel-grid-cell-mobile-last\" ><div id=\"panel-1827-0-0-0\" class=\"so-panel widget widget_accesspress_preview_post panel-first-child panel-last-child\" data-index=\"0\" >                <div class=\"ap-widget-preview wow zoomIn\">\r\n                    <div class=\"widget-preview-thumbnail\"><img width=\"540\" height=\"350\" src=\"https:\/\/konsylium.sanok.pl\/wp-content\/uploads\/2018\/03\/b_kumiega-540x350.jpg\" class=\"attachment-medium-thumbnail size-medium-thumbnail wp-post-image\" alt=\"\" loading=\"lazy\" \/><\/div><h3 class=\"widget-title\">Dr n. med. Beata Kumiega<\/h3><div class=\"widget-preview-excerpt\">Specjalista chor\u00f3b wewn\u0119trznych, specjalista hematolog\u00a0|\r\n\r\n \tUko\u0144czy\u0142a \u015al\u0105sk\u0105 Akademi\u0119 Medyczn\u0105 w Katowicach w 1995 roku.\r\n \tPo uko\u0144czeniu sta\u017cu pody<\/div><div class=\"widget-preview-more\"><a class=\"read-more ap-bttn\" href=\"https:\/\/konsylium.sanok.pl\/index.php\/2018\/03\/13\/dr-n-med-beata-kumiega\/\">Wi\u0119cej...<\/a><\/div>                <\/div>\r\n                <\/div><\/div><div id=\"pgc-1827-0-1\"  class=\"panel-grid-cell panel-grid-cell-empty\" ><\/div><\/div><\/div>","protected":false},"excerpt":{"rendered":"<p>Dr n. med. Beata KumiegaSpecjalista chor\u00f3b wewn\u0119trznych, specjalista hematolog\u00a0| Uko\u0144czy\u0142a \u015al\u0105sk\u0105 Akademi\u0119 Medyczn\u0105 w Katowicach w 1995 roku. Po uko\u0144czeniu sta\u017cu podyWi\u0119cej&#8230;<\/p>\n","protected":false},"author":1,"featured_media":0,"parent":0,"menu_order":0,"comment_status":"closed","ping_status":"closed","template":"","meta":{"_monsterinsights_skip_tracking":false,"_monsterinsights_sitenote_active":false,"_monsterinsights_sitenote_note":"","_monsterinsights_sitenote_category":0},"_links":{"self":[{"href":"https:\/\/konsylium.sanok.pl\/index.php\/wp-json\/wp\/v2\/pages\/1827"}],"collection":[{"href":"https:\/\/konsylium.sanok.pl\/index.php\/wp-json\/wp\/v2\/pages"}],"about":[{"href":"https:\/\/konsylium.sanok.pl\/index.php\/wp-json\/wp\/v2\/types\/page"}],"author":[{"embeddable":true,"href":"https:\/\/konsylium.sanok.pl\/index.php\/wp-json\/wp\/v2\/users\/1"}],"replies":[{"embeddable":true,"href":"https:\/\/konsylium.sanok.pl\/index.php\/wp-json\/wp\/v2\/comments?post=1827"}],"version-history":[{"count":4,"href":"https:\/\/konsylium.sanok.pl\/index.php\/wp-json\/wp\/v2\/pages\/1827\/revisions"}],"predecessor-version":[{"id":2424,"href":"https:\/\/konsylium.sanok.pl\/index.php\/wp-json\/wp\/v2\/pages\/1827\/revisions\/2424"}],"wp:attachment":[{"href":"https:\/\/konsylium.sanok.pl\/index.php\/wp-json\/wp\/v2\/media?parent=1827"}],"curies":[{"name":"wp","href":"https:\/\/api.w.org\/{rel}","templated":true}]}}