{"id":1825,"date":"2018-06-07T20:57:01","date_gmt":"2018-06-07T18:57:01","guid":{"rendered":"http:\/\/konsylium.sanok.pl\/?page_id=1825"},"modified":"2025-10-05T23:27:51","modified_gmt":"2025-10-05T21:27:51","slug":"ginekologia-i-poloznictwo","status":"publish","type":"page","link":"https:\/\/konsylium.sanok.pl\/index.php\/ginekologia-i-poloznictwo\/","title":{"rendered":"Ginekologia i Po\u0142o\u017cnictwo"},"content":{"rendered":"<div id=\"pl-1825\"  class=\"panel-layout\" ><div id=\"pg-1825-0\"  class=\"panel-grid panel-no-style\" ><div id=\"pgc-1825-0-0\"  class=\"panel-grid-cell\" ><div id=\"panel-1825-0-0-0\" class=\"so-panel widget widget_accesspress_preview_post panel-first-child panel-last-child\" data-index=\"0\" >                <div class=\"ap-widget-preview wow zoomIn\">\r\n                    <div class=\"widget-preview-thumbnail\"><img width=\"540\" height=\"350\" src=\"https:\/\/konsylium.sanok.pl\/wp-content\/uploads\/2018\/03\/beata-balon-540x350.jpg\" class=\"attachment-medium-thumbnail size-medium-thumbnail wp-post-image\" alt=\"\" loading=\"lazy\" \/><\/div><h3 class=\"widget-title\">Dr n. med. Beata Ba\u0142on<\/h3><div class=\"widget-preview-excerpt\">Specjalista ginekolog-po\u0142o\u017cnik |\r\n\r\n\r\n \tUko\u0144czy\u0142a Akademi\u0119 Medyczn\u0105 w Lublinie.\r\n \tUzyska\u0142a specjalizacj\u0119 I i II stopnia w dziedzinie ginekologii i po<\/div><div class=\"widget-preview-more\"><a class=\"read-more ap-bttn\" href=\"https:\/\/konsylium.sanok.pl\/index.php\/2018\/03\/16\/beata-balon\/\">Wi\u0119cej...<\/a><\/div>                <\/div>\r\n                <\/div><\/div><div id=\"pgc-1825-0-1\"  class=\"panel-grid-cell\" ><div id=\"panel-1825-0-1-0\" class=\"so-panel widget widget_accesspress_preview_post panel-first-child panel-last-child\" data-index=\"1\" >                <div class=\"ap-widget-preview wow zoomIn\">\r\n                    <div class=\"widget-preview-thumbnail\"><img width=\"540\" height=\"350\" src=\"https:\/\/konsylium.sanok.pl\/wp-content\/uploads\/2018\/03\/a-pajak-540x350.jpg\" class=\"attachment-medium-thumbnail size-medium-thumbnail wp-post-image\" alt=\"\" loading=\"lazy\" \/><\/div><h3 class=\"widget-title\">Lek. med. Anna Paj\u0105k<\/h3><div class=\"widget-preview-excerpt\">Specjalista Ginekologii i Po\u0142o\u017cnictwa\u00a0|\r\n\r\n \tAbsolwentka Wydzia\u0142u Medycznego Pomorskiej Akademii Medycznej w Szczecinie.\r\n \tSpecjalista Ginekologii i <\/div><div class=\"widget-preview-more\"><a class=\"read-more ap-bttn\" href=\"https:\/\/konsylium.sanok.pl\/index.php\/2018\/03\/12\/lek-med-anna-pajak\/\">Wi\u0119cej...<\/a><\/div>                <\/div>\r\n                <\/div><\/div><div id=\"pgc-1825-0-2\"  class=\"panel-grid-cell\" ><div id=\"panel-1825-0-2-0\" class=\"so-panel widget widget_accesspress_preview_post panel-first-child panel-last-child\" data-index=\"2\" >                <div class=\"ap-widget-preview wow zoomIn\">\r\n                    <div class=\"widget-preview-thumbnail\"><img width=\"540\" height=\"350\" src=\"https:\/\/konsylium.sanok.pl\/wp-content\/uploads\/2021\/05\/j_zazulicz-konior-540x350.jpg\" class=\"attachment-medium-thumbnail size-medium-thumbnail wp-post-image\" alt=\"\" loading=\"lazy\" \/><\/div><h3 class=\"widget-title\">Lek. med. Judyta Zazulicz-Konior<\/h3><div class=\"widget-preview-excerpt\">Specjalista Ginekologii i Po\u0142o\u017cnictwa\u00a0|\r\n\r\n \tUko\u0144czy\u0142a Collegium Medicum Uniwersytetu Jagiello\u0144skiego w Krakowie w 2008 roku.\r\n \tW 2018 roku uzyska\u0142a <\/div><div class=\"widget-preview-more\"><a class=\"read-more ap-bttn\" href=\"https:\/\/konsylium.sanok.pl\/index.php\/2021\/05\/22\/lek-med-judyta-zazulicz-konior\/\">Wi\u0119cej...<\/a><\/div>                <\/div>\r\n                <\/div><\/div><\/div><div id=\"pg-1825-1\"  class=\"panel-grid panel-no-style\" ><div id=\"pgc-1825-1-0\"  class=\"panel-grid-cell\" ><div id=\"panel-1825-1-0-0\" class=\"so-panel widget widget_accesspress_preview_post panel-first-child panel-last-child\" data-index=\"3\" >                <div class=\"ap-widget-preview wow zoomIn\">\r\n                    <div class=\"widget-preview-thumbnail\"><img width=\"540\" height=\"350\" src=\"https:\/\/konsylium.sanok.pl\/wp-content\/uploads\/2025\/10\/i_budner-boryczko-540x350.jpg\" class=\"attachment-medium-thumbnail size-medium-thumbnail wp-post-image\" alt=\"\" loading=\"lazy\" \/><\/div><h3 class=\"widget-title\">Lek. med. Izabela Budner-Boryczko<\/h3><div class=\"widget-preview-excerpt\">Specjalista Ginekologii i Po\u0142o\u017cnictwa\u00a0|\r\nAbsolwentka Collegium Medicum UMK w Bydgoszczy oraz specjalistka ginekologii i po\u0142o\u017cnictwa. Do\u015bwiadczenie zaw<\/div><div class=\"widget-preview-more\"><a class=\"read-more ap-bttn\" href=\"https:\/\/konsylium.sanok.pl\/index.php\/2022\/10\/05\/lek-med-izabela-budner-boryczko\/\">Wi\u0119cej...<\/a><\/div>                <\/div>\r\n                <\/div><\/div><div id=\"pgc-1825-1-1\"  class=\"panel-grid-cell panel-grid-cell-empty panel-grid-cell-mobile-last\" ><\/div><div id=\"pgc-1825-1-2\"  class=\"panel-grid-cell panel-grid-cell-empty\" ><\/div><\/div><\/div>","protected":false},"excerpt":{"rendered":"<p>Dr n. med. Beata Ba\u0142onSpecjalista ginekolog-po\u0142o\u017cnik | Uko\u0144czy\u0142a Akademi\u0119 Medyczn\u0105 w Lublinie. Uzyska\u0142a specjalizacj\u0119 I i II stopnia w dziedzinie ginekologii i poWi\u0119cej&#8230; Lek. med. Anna Paj\u0105kSpecjalista Ginekologii i Po\u0142o\u017cnictwa\u00a0| Absolwentka Wydzia\u0142u Medycznego Pomorskiej Akademii Medycznej w Szczecinie. Specjalista Ginekologii i Wi\u0119cej&#8230; Lek. med. Judyta Zazulicz-KoniorSpecjalista Ginekologii i Po\u0142o\u017cnictwa\u00a0| Uko\u0144czy\u0142a Collegium Medicum Uniwersytetu Jagiello\u0144skiego w&#8230;<\/p>\n","protected":false},"author":1,"featured_media":0,"parent":0,"menu_order":0,"comment_status":"closed","ping_status":"open","template":"","meta":{"_monsterinsights_skip_tracking":false,"_monsterinsights_sitenote_active":false,"_monsterinsights_sitenote_note":"","_monsterinsights_sitenote_category":0},"_links":{"self":[{"href":"https:\/\/konsylium.sanok.pl\/index.php\/wp-json\/wp\/v2\/pages\/1825"}],"collection":[{"href":"https:\/\/konsylium.sanok.pl\/index.php\/wp-json\/wp\/v2\/pages"}],"about":[{"href":"https:\/\/konsylium.sanok.pl\/index.php\/wp-json\/wp\/v2\/types\/page"}],"author":[{"embeddable":true,"href":"https:\/\/konsylium.sanok.pl\/index.php\/wp-json\/wp\/v2\/users\/1"}],"replies":[{"embeddable":true,"href":"https:\/\/konsylium.sanok.pl\/index.php\/wp-json\/wp\/v2\/comments?post=1825"}],"version-history":[{"count":9,"href":"https:\/\/konsylium.sanok.pl\/index.php\/wp-json\/wp\/v2\/pages\/1825\/revisions"}],"predecessor-version":[{"id":5162,"href":"https:\/\/konsylium.sanok.pl\/index.php\/wp-json\/wp\/v2\/pages\/1825\/revisions\/5162"}],"wp:attachment":[{"href":"https:\/\/konsylium.sanok.pl\/index.php\/wp-json\/wp\/v2\/media?parent=1825"}],"curies":[{"name":"wp","href":"https:\/\/api.w.org\/{rel}","templated":true}]}}