{"id":1823,"date":"2018-06-07T20:56:37","date_gmt":"2018-06-07T18:56:37","guid":{"rendered":"http:\/\/konsylium.sanok.pl\/?page_id=1823"},"modified":"2024-10-07T00:26:14","modified_gmt":"2024-10-06T22:26:14","slug":"gastroenterologia","status":"publish","type":"page","link":"https:\/\/konsylium.sanok.pl\/index.php\/gastroenterologia\/","title":{"rendered":"Gastroenterologia"},"content":{"rendered":"<div id=\"pl-1823\"  class=\"panel-layout\" ><div id=\"pg-1823-0\"  class=\"panel-grid panel-no-style\" ><div id=\"pgc-1823-0-0\"  class=\"panel-grid-cell\" ><div id=\"panel-1823-0-0-0\" class=\"so-panel widget widget_accesspress_preview_post panel-first-child panel-last-child\" data-index=\"0\" >                <div class=\"ap-widget-preview wow zoomIn\">\r\n                    <div class=\"widget-preview-thumbnail\"><img width=\"540\" height=\"350\" src=\"https:\/\/konsylium.sanok.pl\/wp-content\/uploads\/2018\/03\/s-gladysz-540x350.jpg\" class=\"attachment-medium-thumbnail size-medium-thumbnail wp-post-image\" alt=\"\" loading=\"lazy\" \/><\/div><h3 class=\"widget-title\">Lek. med. Sylwia G\u0142adysz<\/h3><div class=\"widget-preview-excerpt\">Specjalista chor\u00f3b wewn\u0119trznych, specjalista gastroenterologii\u00a0|\r\n\r\n \tUko\u0144czy\u0142a \u015al\u0105sk\u0105 Akademi\u0119 Medyczn\u0105 (obecnie \u015al\u0105ski Uniwersytet Medyczny) w Katow<\/div><div class=\"widget-preview-more\"><a class=\"read-more ap-bttn\" href=\"https:\/\/konsylium.sanok.pl\/index.php\/2018\/03\/13\/lek-med-sylwia-gladysz\/\">Wi\u0119cej...<\/a><\/div>                <\/div>\r\n                <\/div><\/div><div id=\"pgc-1823-0-1\"  class=\"panel-grid-cell\" ><div id=\"panel-1823-0-1-0\" class=\"so-panel widget widget_accesspress_preview_post panel-first-child panel-last-child\" data-index=\"1\" >                <div class=\"ap-widget-preview wow zoomIn\">\r\n                    <div class=\"widget-preview-thumbnail\"><img width=\"540\" height=\"350\" src=\"https:\/\/konsylium.sanok.pl\/wp-content\/uploads\/2014\/09\/zespol-540x350.jpg\" class=\"attachment-medium-thumbnail size-medium-thumbnail wp-post-image\" alt=\"\" loading=\"lazy\" \/><\/div><h3 class=\"widget-title\">Dr n. med. Rafa\u0142 Smoli\u0144ski<\/h3><div class=\"widget-preview-excerpt\">Specjalista chor\u00f3b wewn\u0119trznych, gastroenterolog\u00a0|\r\n\r\n \tStudia na Wydziale Lekarskim Uniwersytetu Jagiello\u0144skiego uko\u0144czy\u0142 w 1997 roku.\r\n \tW 2005 roku<\/div><div class=\"widget-preview-more\"><a class=\"read-more ap-bttn\" href=\"https:\/\/konsylium.sanok.pl\/index.php\/2018\/03\/11\/lek-med-rafal-smolinski\/\">Wi\u0119cej...<\/a><\/div>                <\/div>\r\n                <\/div><\/div><div id=\"pgc-1823-0-2\"  class=\"panel-grid-cell\" ><div id=\"panel-1823-0-2-0\" class=\"so-panel widget widget_accesspress_preview_post panel-first-child panel-last-child\" data-index=\"2\" >                <div class=\"ap-widget-preview wow zoomIn\">\r\n                    <div class=\"widget-preview-thumbnail\"><img width=\"540\" height=\"350\" src=\"https:\/\/konsylium.sanok.pl\/wp-content\/uploads\/2014\/09\/zespol-540x350.jpg\" class=\"attachment-medium-thumbnail size-medium-thumbnail wp-post-image\" alt=\"\" loading=\"lazy\" \/><\/div><h3 class=\"widget-title\">Lek. med. Bo\u017cena Kurzyd\u0142o-Mac<\/h3><div class=\"widget-preview-excerpt\">Specjalista chor\u00f3b wewn\u0119trznych, gastroenterolog |\r\n\r\n\r\n \tUko\u0144czy\u0142a Akademi\u0119 Medyczn\u0105 w Lublinie w 1991 r.\r\n \tOd 1.10.1991 r. pracuje w Szpitalu Specj<\/div><div class=\"widget-preview-more\"><a class=\"read-more ap-bttn\" href=\"https:\/\/konsylium.sanok.pl\/index.php\/2018\/03\/13\/dr-n-med-bozena-kurzydlo-mac\/\">Wi\u0119cej...<\/a><\/div>                <\/div>\r\n                <\/div><\/div><\/div><div id=\"pg-1823-1\"  class=\"panel-grid panel-no-style\" ><div id=\"pgc-1823-1-0\"  class=\"panel-grid-cell\" ><div id=\"panel-1823-1-0-0\" class=\"so-panel widget widget_accesspress_preview_post panel-first-child panel-last-child\" data-index=\"3\" >                <div class=\"ap-widget-preview wow zoomIn\">\r\n                    <div class=\"widget-preview-thumbnail\"><img width=\"540\" height=\"350\" src=\"https:\/\/konsylium.sanok.pl\/wp-content\/uploads\/2018\/03\/t_rudy-540x350.jpg\" class=\"attachment-medium-thumbnail size-medium-thumbnail wp-post-image\" alt=\"\" loading=\"lazy\" \/><\/div><h3 class=\"widget-title\">Lek. med. Tomasz Rudy<\/h3><div class=\"widget-preview-excerpt\">Specjalista chor\u00f3b wewn\u0119trznych, specjalista gastroenterologii |\r\n\r\n\r\n \tUko\u0144czy\u0142 Uniwersytet Medyczny w Lublinie w 2012 r.\r\n \tTytu\u0142 specjalisty chor\u00f3b<\/div><div class=\"widget-preview-more\"><a class=\"read-more ap-bttn\" href=\"https:\/\/konsylium.sanok.pl\/index.php\/2018\/03\/12\/lek-med-tomasz-rudy\/\">Wi\u0119cej...<\/a><\/div>                <\/div>\r\n                <\/div><\/div><div id=\"pgc-1823-1-1\"  class=\"panel-grid-cell panel-grid-cell-empty panel-grid-cell-mobile-last\" ><\/div><div id=\"pgc-1823-1-2\"  class=\"panel-grid-cell panel-grid-cell-empty\" ><\/div><\/div><\/div>","protected":false},"excerpt":{"rendered":"<p>Lek. med. Sylwia G\u0142adyszSpecjalista chor\u00f3b wewn\u0119trznych, specjalista gastroenterologii\u00a0| Uko\u0144czy\u0142a \u015al\u0105sk\u0105 Akademi\u0119 Medyczn\u0105 (obecnie \u015al\u0105ski Uniwersytet Medyczny) w KatowWi\u0119cej&#8230; Dr n. med. Rafa\u0142 Smoli\u0144skiSpecjalista chor\u00f3b wewn\u0119trznych, gastroenterolog\u00a0| Studia na Wydziale Lekarskim Uniwersytetu Jagiello\u0144skiego uko\u0144czy\u0142 w 1997 roku. W 2005 rokuWi\u0119cej&#8230; Lek. med. Bo\u017cena Kurzyd\u0142o-MacSpecjalista chor\u00f3b wewn\u0119trznych, gastroenterolog | Uko\u0144czy\u0142a Akademi\u0119 Medyczn\u0105 w Lublinie w 1991 r&#8230;.<\/p>\n","protected":false},"author":1,"featured_media":0,"parent":0,"menu_order":0,"comment_status":"closed","ping_status":"open","template":"","meta":{"_monsterinsights_skip_tracking":false,"_monsterinsights_sitenote_active":false,"_monsterinsights_sitenote_note":"","_monsterinsights_sitenote_category":0},"_links":{"self":[{"href":"https:\/\/konsylium.sanok.pl\/index.php\/wp-json\/wp\/v2\/pages\/1823"}],"collection":[{"href":"https:\/\/konsylium.sanok.pl\/index.php\/wp-json\/wp\/v2\/pages"}],"about":[{"href":"https:\/\/konsylium.sanok.pl\/index.php\/wp-json\/wp\/v2\/types\/page"}],"author":[{"embeddable":true,"href":"https:\/\/konsylium.sanok.pl\/index.php\/wp-json\/wp\/v2\/users\/1"}],"replies":[{"embeddable":true,"href":"https:\/\/konsylium.sanok.pl\/index.php\/wp-json\/wp\/v2\/comments?post=1823"}],"version-history":[{"count":11,"href":"https:\/\/konsylium.sanok.pl\/index.php\/wp-json\/wp\/v2\/pages\/1823\/revisions"}],"predecessor-version":[{"id":4906,"href":"https:\/\/konsylium.sanok.pl\/index.php\/wp-json\/wp\/v2\/pages\/1823\/revisions\/4906"}],"wp:attachment":[{"href":"https:\/\/konsylium.sanok.pl\/index.php\/wp-json\/wp\/v2\/media?parent=1823"}],"curies":[{"name":"wp","href":"https:\/\/api.w.org\/{rel}","templated":true}]}}