{"id":1815,"date":"2018-06-07T20:50:52","date_gmt":"2018-06-07T18:50:52","guid":{"rendered":"http:\/\/konsylium.sanok.pl\/?page_id=1815"},"modified":"2022-01-19T22:01:00","modified_gmt":"2022-01-19T21:01:00","slug":"choroby-zakazne","status":"publish","type":"page","link":"https:\/\/konsylium.sanok.pl\/index.php\/choroby-zakazne\/","title":{"rendered":"Choroby zaka\u017ane"},"content":{"rendered":"<div id=\"pl-1815\"  class=\"panel-layout\" ><div id=\"pg-1815-0\"  class=\"panel-grid panel-no-style\" ><div id=\"pgc-1815-0-0\"  class=\"panel-grid-cell panel-grid-cell-mobile-last\" ><div id=\"panel-1815-0-0-0\" class=\"so-panel widget widget_accesspress_preview_post panel-first-child panel-last-child\" data-index=\"0\" >                <div class=\"ap-widget-preview wow zoomIn\">\r\n                    <div class=\"widget-preview-thumbnail\"><img width=\"540\" height=\"350\" src=\"https:\/\/konsylium.sanok.pl\/wp-content\/uploads\/2014\/09\/zespol-540x350.jpg\" class=\"attachment-medium-thumbnail size-medium-thumbnail wp-post-image\" alt=\"\" loading=\"lazy\" \/><\/div><h3 class=\"widget-title\">Lek. med. Renata Kornasiewicz-Dubiel<\/h3><div class=\"widget-preview-excerpt\">Specjalista chor\u00f3b wewn\u0119trznych, specjalista chor\u00f3b zaka\u017anych|\r\n\r\nUko\u0144czy\u0142a studia na Wydziale Lekarskim \u015al\u0105skiej Akademii Medycznej w Katowicach w 19<\/div><div class=\"widget-preview-more\"><a class=\"read-more ap-bttn\" href=\"https:\/\/konsylium.sanok.pl\/index.php\/2018\/03\/13\/lek-med-renata-kornasiewicz-dubiel\/\">Wi\u0119cej...<\/a><\/div>                <\/div>\r\n                <\/div><\/div><div id=\"pgc-1815-0-1\"  class=\"panel-grid-cell panel-grid-cell-empty\" ><\/div><\/div><\/div>","protected":false},"excerpt":{"rendered":"<p>Lek. med. Renata Kornasiewicz-DubielSpecjalista chor\u00f3b wewn\u0119trznych, specjalista chor\u00f3b zaka\u017anych| Uko\u0144czy\u0142a studia na Wydziale Lekarskim \u015al\u0105skiej Akademii Medycznej w Katowicach w 19Wi\u0119cej&#8230;<\/p>\n","protected":false},"author":1,"featured_media":0,"parent":0,"menu_order":0,"comment_status":"closed","ping_status":"open","template":"","meta":{"_monsterinsights_skip_tracking":false,"_monsterinsights_sitenote_active":false,"_monsterinsights_sitenote_note":"","_monsterinsights_sitenote_category":0},"_links":{"self":[{"href":"https:\/\/konsylium.sanok.pl\/index.php\/wp-json\/wp\/v2\/pages\/1815"}],"collection":[{"href":"https:\/\/konsylium.sanok.pl\/index.php\/wp-json\/wp\/v2\/pages"}],"about":[{"href":"https:\/\/konsylium.sanok.pl\/index.php\/wp-json\/wp\/v2\/types\/page"}],"author":[{"embeddable":true,"href":"https:\/\/konsylium.sanok.pl\/index.php\/wp-json\/wp\/v2\/users\/1"}],"replies":[{"embeddable":true,"href":"https:\/\/konsylium.sanok.pl\/index.php\/wp-json\/wp\/v2\/comments?post=1815"}],"version-history":[{"count":4,"href":"https:\/\/konsylium.sanok.pl\/index.php\/wp-json\/wp\/v2\/pages\/1815\/revisions"}],"predecessor-version":[{"id":4030,"href":"https:\/\/konsylium.sanok.pl\/index.php\/wp-json\/wp\/v2\/pages\/1815\/revisions\/4030"}],"wp:attachment":[{"href":"https:\/\/konsylium.sanok.pl\/index.php\/wp-json\/wp\/v2\/media?parent=1815"}],"curies":[{"name":"wp","href":"https:\/\/api.w.org\/{rel}","templated":true}]}}