{"id":1811,"date":"2018-06-07T20:49:58","date_gmt":"2018-06-07T18:49:58","guid":{"rendered":"http:\/\/konsylium.sanok.pl\/?page_id=1811"},"modified":"2019-08-13T23:11:33","modified_gmt":"2019-08-13T21:11:33","slug":"chirurgia-ogolna","status":"publish","type":"page","link":"https:\/\/konsylium.sanok.pl\/index.php\/chirurgia-ogolna\/","title":{"rendered":"Chirurgia og\u00f3lna"},"content":{"rendered":"<div id=\"pl-1811\"  class=\"panel-layout\" ><div id=\"pg-1811-0\"  class=\"panel-grid panel-no-style\" ><div id=\"pgc-1811-0-0\"  class=\"panel-grid-cell\" ><div id=\"panel-1811-0-0-0\" class=\"so-panel widget widget_accesspress_preview_post panel-first-child panel-last-child\" data-index=\"0\" >                <div class=\"ap-widget-preview wow zoomIn\">\r\n                    <div class=\"widget-preview-thumbnail\"><img width=\"540\" height=\"350\" src=\"https:\/\/konsylium.sanok.pl\/wp-content\/uploads\/2014\/09\/artur-gladysz-540x350.jpg\" class=\"attachment-medium-thumbnail size-medium-thumbnail wp-post-image\" alt=\"\" loading=\"lazy\" \/><\/div><h3 class=\"widget-title\">Dr n. med. Artur G\u0142adysz<\/h3><div class=\"widget-preview-excerpt\">Specjalista chirurgii og\u00f3lnej, specjalista chirurgii naczyniowej\u00a0|\r\n\r\n \tChirurgi\u0105 zajmuje si\u0119 od uko\u0144czenia w 1998 roku studi\u00f3w w \u015al\u0105skiej Akademii Me<\/div><div class=\"widget-preview-more\"><a class=\"read-more ap-bttn\" href=\"https:\/\/konsylium.sanok.pl\/index.php\/2018\/03\/14\/dr-n-med-artur-gladysz\/\">Wi\u0119cej...<\/a><\/div>                <\/div>\r\n                <\/div><\/div><div id=\"pgc-1811-0-1\"  class=\"panel-grid-cell\" ><div id=\"panel-1811-0-1-0\" class=\"so-panel widget widget_accesspress_preview_post panel-first-child panel-last-child\" data-index=\"1\" >                <div class=\"ap-widget-preview wow zoomIn\">\r\n                    <div class=\"widget-preview-thumbnail\"><img width=\"540\" height=\"350\" src=\"https:\/\/konsylium.sanok.pl\/wp-content\/uploads\/2018\/03\/j_sobkiewicz-540x350.jpg\" class=\"attachment-medium-thumbnail size-medium-thumbnail wp-post-image\" alt=\"\" loading=\"lazy\" \/><\/div><h3 class=\"widget-title\">Lek. med. Janusz Sobkiewicz<\/h3><div class=\"widget-preview-excerpt\">Chirurg\u00a0|\r\n\r\n\r\n \tAbsolwent Wojskowej Akademii Medycznej w \u0141odzi z roku 1992.\r\n \tPocz\u0105tkowo zwi\u0105zany zawodowo ze Szpitalem MSWiA w Warszawie, specjaliz<\/div><div class=\"widget-preview-more\"><a class=\"read-more ap-bttn\" href=\"https:\/\/konsylium.sanok.pl\/index.php\/2018\/03\/11\/lek-med-janusz-sobkiewicz\/\">Wi\u0119cej...<\/a><\/div>                <\/div>\r\n                <\/div><\/div><\/div><\/div>","protected":false},"excerpt":{"rendered":"<p>Dr n. med. Artur G\u0142adyszSpecjalista chirurgii og\u00f3lnej, specjalista chirurgii naczyniowej\u00a0| Chirurgi\u0105 zajmuje si\u0119 od uko\u0144czenia w 1998 roku studi\u00f3w w \u015al\u0105skiej Akademii MeWi\u0119cej&#8230; Lek. med. Janusz SobkiewiczChirurg\u00a0| Absolwent Wojskowej Akademii Medycznej w \u0141odzi z roku 1992. Pocz\u0105tkowo zwi\u0105zany zawodowo ze Szpitalem MSWiA w Warszawie, specjalizWi\u0119cej&#8230;<\/p>\n","protected":false},"author":1,"featured_media":0,"parent":0,"menu_order":0,"comment_status":"closed","ping_status":"open","template":"","meta":{"_monsterinsights_skip_tracking":false,"_monsterinsights_sitenote_active":false,"_monsterinsights_sitenote_note":"","_monsterinsights_sitenote_category":0},"_links":{"self":[{"href":"https:\/\/konsylium.sanok.pl\/index.php\/wp-json\/wp\/v2\/pages\/1811"}],"collection":[{"href":"https:\/\/konsylium.sanok.pl\/index.php\/wp-json\/wp\/v2\/pages"}],"about":[{"href":"https:\/\/konsylium.sanok.pl\/index.php\/wp-json\/wp\/v2\/types\/page"}],"author":[{"embeddable":true,"href":"https:\/\/konsylium.sanok.pl\/index.php\/wp-json\/wp\/v2\/users\/1"}],"replies":[{"embeddable":true,"href":"https:\/\/konsylium.sanok.pl\/index.php\/wp-json\/wp\/v2\/comments?post=1811"}],"version-history":[{"count":4,"href":"https:\/\/konsylium.sanok.pl\/index.php\/wp-json\/wp\/v2\/pages\/1811\/revisions"}],"predecessor-version":[{"id":2812,"href":"https:\/\/konsylium.sanok.pl\/index.php\/wp-json\/wp\/v2\/pages\/1811\/revisions\/2812"}],"wp:attachment":[{"href":"https:\/\/konsylium.sanok.pl\/index.php\/wp-json\/wp\/v2\/media?parent=1811"}],"curies":[{"name":"wp","href":"https:\/\/api.w.org\/{rel}","templated":true}]}}