{"id":1807,"date":"2018-06-07T20:48:53","date_gmt":"2018-06-07T18:48:53","guid":{"rendered":"http:\/\/konsylium.sanok.pl\/?page_id=1807"},"modified":"2024-10-07T00:21:41","modified_gmt":"2024-10-06T22:21:41","slug":"anestezjologia-i-intensywna-terapia","status":"publish","type":"page","link":"https:\/\/konsylium.sanok.pl\/index.php\/anestezjologia-i-intensywna-terapia\/","title":{"rendered":"Anestezjologia i Intensywna Terapia"},"content":{"rendered":"<div id=\"pl-1807\"  class=\"panel-layout\" ><div id=\"pg-1807-0\"  class=\"panel-grid panel-no-style\" ><div id=\"pgc-1807-0-0\"  class=\"panel-grid-cell panel-grid-cell-mobile-last\" ><div id=\"panel-1807-0-0-0\" class=\"so-panel widget widget_accesspress_preview_post panel-first-child panel-last-child\" data-index=\"0\" >                <div class=\"ap-widget-preview wow zoomIn\">\r\n                    <div class=\"widget-preview-thumbnail\"><img width=\"540\" height=\"350\" src=\"https:\/\/konsylium.sanok.pl\/wp-content\/uploads\/2014\/09\/zespol-540x350.jpg\" class=\"attachment-medium-thumbnail size-medium-thumbnail wp-post-image\" alt=\"\" loading=\"lazy\" \/><\/div><h3 class=\"widget-title\">Lek. med. Jadwiga Stojowska<\/h3><div class=\"widget-preview-excerpt\">Wi\u0119cej szczeg\u00f3\u0142\u00f3w podamy wkr\u00f3tce\u2026<\/div><div class=\"widget-preview-more\"><a class=\"read-more ap-bttn\" href=\"https:\/\/konsylium.sanok.pl\/index.php\/2018\/03\/11\/lek-med-jadwiga-stojowska\/\">Wi\u0119cej...<\/a><\/div>                <\/div>\r\n                <\/div><\/div><div id=\"pgc-1807-0-1\"  class=\"panel-grid-cell panel-grid-cell-empty\" ><\/div><\/div><\/div>","protected":false},"excerpt":{"rendered":"<p>Lek. med. Jadwiga StojowskaWi\u0119cej szczeg\u00f3\u0142\u00f3w podamy wkr\u00f3tce\u2026Wi\u0119cej&#8230;<\/p>\n","protected":false},"author":1,"featured_media":0,"parent":0,"menu_order":0,"comment_status":"closed","ping_status":"open","template":"","meta":{"_monsterinsights_skip_tracking":false,"_monsterinsights_sitenote_active":false,"_monsterinsights_sitenote_note":"","_monsterinsights_sitenote_category":0},"_links":{"self":[{"href":"https:\/\/konsylium.sanok.pl\/index.php\/wp-json\/wp\/v2\/pages\/1807"}],"collection":[{"href":"https:\/\/konsylium.sanok.pl\/index.php\/wp-json\/wp\/v2\/pages"}],"about":[{"href":"https:\/\/konsylium.sanok.pl\/index.php\/wp-json\/wp\/v2\/types\/page"}],"author":[{"embeddable":true,"href":"https:\/\/konsylium.sanok.pl\/index.php\/wp-json\/wp\/v2\/users\/1"}],"replies":[{"embeddable":true,"href":"https:\/\/konsylium.sanok.pl\/index.php\/wp-json\/wp\/v2\/comments?post=1807"}],"version-history":[{"count":4,"href":"https:\/\/konsylium.sanok.pl\/index.php\/wp-json\/wp\/v2\/pages\/1807\/revisions"}],"predecessor-version":[{"id":4903,"href":"https:\/\/konsylium.sanok.pl\/index.php\/wp-json\/wp\/v2\/pages\/1807\/revisions\/4903"}],"wp:attachment":[{"href":"https:\/\/konsylium.sanok.pl\/index.php\/wp-json\/wp\/v2\/media?parent=1807"}],"curies":[{"name":"wp","href":"https:\/\/api.w.org\/{rel}","templated":true}]}}