{"id":1774,"date":"2018-06-04T21:22:35","date_gmt":"2018-06-04T19:22:35","guid":{"rendered":"http:\/\/konsylium.sanok.pl\/?page_id=1774"},"modified":"2026-03-02T00:54:58","modified_gmt":"2026-03-01T23:54:58","slug":"nasi-specjalisci-lista","status":"publish","type":"page","link":"https:\/\/konsylium.sanok.pl\/index.php\/nasi-specjalisci-lista\/","title":{"rendered":"Nasi Specjali\u015bci"},"content":{"rendered":"<div id=\"pl-1774\"  class=\"panel-layout\" ><div id=\"pg-1774-0\"  class=\"panel-grid panel-no-style\" ><div id=\"pgc-1774-0-0\"  class=\"panel-grid-cell\" ><div id=\"panel-1774-0-0-0\" class=\"so-panel widget widget_sow-editor panel-first-child panel-last-child\" data-index=\"0\" ><div\n\t\t\t\n\t\t\tclass=\"so-widget-sow-editor so-widget-sow-editor-base\"\n\t\t\t\n\t\t>\n<div class=\"siteorigin-widget-tinymce textwidget\">\n\t<ul>\n<li><strong><a href=\"http:\/\/konsylium.sanok.pl\/index.php\/anestezjologia-i-intensywna-terapia\/\">Anestezjologia i Intensywna Terapia<\/a><\/strong><\/li>\n<li><strong><a href=\"https:\/\/konsylium.sanok.pl\/index.php\/chirurgia-dziecieca\/\">Chirurgia dzieci\u0119ca<\/a><\/strong><\/li>\n<li><strong><a href=\"http:\/\/konsylium.sanok.pl\/index.php\/chirurgia-naczyniowa\/\">Chirurgia naczyniowa<\/a><\/strong><\/li>\n<li><strong><a href=\"http:\/\/konsylium.sanok.pl\/index.php\/chirurgia-ogolna\/\">Chirurgia og\u00f3lna<\/a><\/strong><\/li>\n<li><strong><a href=\"https:\/\/konsylium.sanok.pl\/index.php\/choroby-wewnetrzne\/\">Choroby wewn\u0119trzne<\/a><\/strong><\/li>\n<li><strong><a href=\"https:\/\/konsylium.sanok.pl\/index.php\/choroby-zakazne\/\">Choroby zaka\u017ane<\/a><\/strong><\/li>\n<li><strong><a href=\"http:\/\/konsylium.sanok.pl\/index.php\/dermatologia\/\">Dermatologia<\/a><\/strong><\/li>\n<li><a href=\"https:\/\/konsylium.sanok.pl\/index.php\/dietetyka\/\"><strong>Dietetyka<\/strong><\/a><\/li>\n<li><a href=\"https:\/\/konsylium.sanok.pl\/index.php\/endokrynologia\/\"><strong>Endokrynologia<\/strong><\/a><\/li>\n<li><a href=\"https:\/\/konsylium.sanok.pl\/index.php\/endoskopia-przewodu-pokarmowego-specjalisci\/\"><span class=\"current\"><strong>Endoskopia przewodu pokarmowego<\/strong><\/span><\/a><\/li>\n<li><strong><a href=\"http:\/\/konsylium.sanok.pl\/index.php\/gastroenterologia\/\">Gastroenterologia<\/a><\/strong><\/li>\n<li><strong><a href=\"http:\/\/konsylium.sanok.pl\/index.php\/ginekologia-i-poloznictwo\/\">Ginekologia i Po\u0142o\u017cnictwo<\/a><\/strong><\/li>\n<li><strong><a href=\"http:\/\/konsylium.sanok.pl\/index.php\/hematologia\/\">Hematologia<\/a><\/strong><\/li>\n<li><a href=\"https:\/\/konsylium.sanok.pl\/index.php\/higiena-stomatologiczna\/\"><strong>Higiena stomatologiczna<\/strong><\/a><\/li>\n<li><a href=\"https:\/\/konsylium.sanok.pl\/index.php\/2018\/03\/24\/dr-n-med-iryna-avramenko\/\"><strong>Kardiologia dzieci\u0119ca<\/strong><\/a><\/li>\n<\/ul>\n<\/div>\n<\/div><\/div><\/div><div id=\"pgc-1774-0-1\"  class=\"panel-grid-cell\" ><div id=\"panel-1774-0-1-0\" class=\"so-panel widget widget_sow-editor panel-first-child panel-last-child\" data-index=\"1\" ><div\n\t\t\t\n\t\t\tclass=\"so-widget-sow-editor so-widget-sow-editor-base\"\n\t\t\t\n\t\t>\n<div class=\"siteorigin-widget-tinymce textwidget\">\n\t<ul>\n<li><strong><a href=\"https:\/\/konsylium.sanok.pl\/index.php\/zakres-dzialalnosci\/zabiegi-medycyny-estetycznej\/\">Medycyna estetyczna<\/a><\/strong><\/li>\n<li><strong><a href=\"https:\/\/konsylium.sanok.pl\/index.php\/medycyna-pracy\/\">Medycyna pracy<\/a><\/strong><\/li>\n<li><a href=\"https:\/\/konsylium.sanok.pl\/index.php\/medycyna-rodzinna-NFZ\"><strong>Medycyna rodzinna NFZ<\/strong><\/a><\/li>\n<li><a href=\"https:\/\/konsylium.sanok.pl\/index.php\/medycyna-rodzinna\/\"><strong>Medycyna rodzinna<\/strong><\/a><\/li>\n<li><strong><a href=\"https:\/\/konsylium.sanok.pl\/index.php\/nefrologia\/\">Nefrologia<\/a><\/strong><\/li>\n<li><strong><a href=\"https:\/\/konsylium.sanok.pl\/index.php\/neurochirurgia\/\">Neurochirurgia<\/a><\/strong><\/li>\n<li><a href=\"https:\/\/konsylium.sanok.pl\/index.php\/ortopedia\/\"><strong>Ortopedia<\/strong><\/a><\/li>\n<li><a href=\"https:\/\/konsylium.sanok.pl\/index.php\/ortopodologia\/\"><strong>Ortopodologia<\/strong><\/a><\/li>\n<li><a href=\"https:\/\/konsylium.sanok.pl\/index.php\/pediatria\/\"><strong>Pediatria<\/strong><\/a><\/li>\n<li><strong><a href=\"https:\/\/konsylium.sanok.pl\/index.php\/podologia\/\">Podologia<\/a><\/strong><\/li>\n<li><strong><a href=\"https:\/\/konsylium.sanok.pl\/index.php\/psychiatria\/\">Psychiatria<\/a><\/strong><\/li>\n<li><strong><a href=\"https:\/\/konsylium.sanok.pl\/index.php\/psychiatria-dzieci-i-mlodziezy\/\">Psychiatria dzieci i m\u0142odzie\u017cy<\/a><\/strong><\/li>\n<li><a href=\"https:\/\/konsylium.sanok.pl\/index.php\/psychologia-psychoterapia\/\"><strong>Psychologia\/Psychoterapia<\/strong><\/a><\/li>\n<li><strong><a href=\"https:\/\/konsylium.sanok.pl\/index.php\/reumatologia\/\">Reumatologia<\/a><\/strong><\/li>\n<li><a href=\"https:\/\/konsylium.sanok.pl\/index.php\/stomatologia\/\"><strong>Stomatologia<\/strong><\/a><\/li>\n<\/ul>\n<\/div>\n<\/div><\/div><\/div><\/div><\/div>","protected":false},"excerpt":{"rendered":"<p>Anestezjologia i Intensywna Terapia Chirurgia dzieci\u0119ca Chirurgia naczyniowa Chirurgia og\u00f3lna Choroby wewn\u0119trzne Choroby zaka\u017ane Dermatologia Dietetyka Endokrynologia Endoskopia przewodu pokarmowego Gastroenterologia Ginekologia i Po\u0142o\u017cnictwo Hematologia Higiena stomatologiczna Kardiologia dzieci\u0119ca Medycyna estetyczna Medycyna pracy Medycyna rodzinna NFZ Medycyna rodzinna Nefrologia Neurochirurgia Ortopedia Ortopodologia Pediatria Podologia Psychiatria Psychiatria dzieci i m\u0142odzie\u017cy Psychologia\/Psychoterapia Reumatologia Stomatologia<\/p>\n","protected":false},"author":1,"featured_media":0,"parent":0,"menu_order":0,"comment_status":"closed","ping_status":"open","template":"","meta":{"_monsterinsights_skip_tracking":false,"_monsterinsights_sitenote_active":false,"_monsterinsights_sitenote_note":"","_monsterinsights_sitenote_category":0},"_links":{"self":[{"href":"https:\/\/konsylium.sanok.pl\/index.php\/wp-json\/wp\/v2\/pages\/1774"}],"collection":[{"href":"https:\/\/konsylium.sanok.pl\/index.php\/wp-json\/wp\/v2\/pages"}],"about":[{"href":"https:\/\/konsylium.sanok.pl\/index.php\/wp-json\/wp\/v2\/types\/page"}],"author":[{"embeddable":true,"href":"https:\/\/konsylium.sanok.pl\/index.php\/wp-json\/wp\/v2\/users\/1"}],"replies":[{"embeddable":true,"href":"https:\/\/konsylium.sanok.pl\/index.php\/wp-json\/wp\/v2\/comments?post=1774"}],"version-history":[{"count":83,"href":"https:\/\/konsylium.sanok.pl\/index.php\/wp-json\/wp\/v2\/pages\/1774\/revisions"}],"predecessor-version":[{"id":5234,"href":"https:\/\/konsylium.sanok.pl\/index.php\/wp-json\/wp\/v2\/pages\/1774\/revisions\/5234"}],"wp:attachment":[{"href":"https:\/\/konsylium.sanok.pl\/index.php\/wp-json\/wp\/v2\/media?parent=1774"}],"curies":[{"name":"wp","href":"https:\/\/api.w.org\/{rel}","templated":true}]}}