{"id":1370,"date":"2018-03-19T21:42:21","date_gmt":"2018-03-19T20:42:21","guid":{"rendered":"http:\/\/konsylium.sanok.pl\/?page_id=1370"},"modified":"2024-12-17T23:32:31","modified_gmt":"2024-12-17T22:32:31","slug":"drenaz-limfatyczny","status":"publish","type":"page","link":"https:\/\/konsylium.sanok.pl\/index.php\/zakres-dzialalnosci\/drenaz-limfatyczny\/","title":{"rendered":"Drena\u017c limfatyczny"},"content":{"rendered":"<div id=\"pl-1370\"  class=\"panel-layout\" ><div id=\"pg-1370-0\"  class=\"panel-grid panel-no-style\" ><div id=\"pgc-1370-0-0\"  class=\"panel-grid-cell\" ><div id=\"panel-1370-0-0-0\" class=\"so-panel widget widget_sow-editor panel-first-child panel-last-child\" data-index=\"0\" ><div\n\t\t\t\n\t\t\tclass=\"so-widget-sow-editor so-widget-sow-editor-base\"\n\t\t\t\n\t\t>\n<div class=\"siteorigin-widget-tinymce textwidget\">\n\t<p style=\"text-align: justify;\"><strong>Kompresjoterapia<\/strong> (leczenie stopniowanym uciskiem) jest wskazane w wielu schorzeniach. Mo\u017cliwe s\u0105 r\u00f3\u017cne formy kompresjoterapii, kt\u00f3re wzajemnie si\u0119 uzupe\u0142niaj\u0105. W leczeniu uciskiem mo\u017cna stosowa\u0107:<\/p>\n<ul style=\"text-align: justify;\">\n<li>banda\u017ce elastyczne o r\u00f3\u017cnej rozci\u0105gliwo\u015bci - zale\u017cnie od konkretnego typu niedomogi,<\/li>\n<li>wyroby gotowe: podkolan\u00f3wki, po\u0144czochy i rajstopy uciskowe o r\u00f3\u017cnych kategoriach si\u0142y ucisku, wyra\u017canej w milimetrach s\u0142upa rt\u0119ci lub znormalizowanych skalach,<\/li>\n<li>masa\u017c r\u0119czny,<\/li>\n<li>masa\u017c z wykorzystaniem wielokomorowych mankiet\u00f3w pneumatycznych, nape\u0142nianych spr\u0119\u017conym powietrzem z dedykowanego aparatu.<\/li>\n<\/ul>\n<p style=\"text-align: justify;\"><strong>Kompresjoterapia pneumatyczna<\/strong> (mechaniczna) jest bardzo skuteczn\u0105 metod\u0105 leczenia pocz\u0105tkowego i uzupe\u0142niaj\u0105cego, efekty s\u0105 zwykle bardzo szybkie i widoczne dla pacjenta, cho\u0107, co nale\u017cy podkre\u015bli\u0107, cz\u0119sto nie prowadz\u0105 do wyleczenia: obrz\u0119k limfatyczny ma charakter przewlek\u0142y.<\/p>\n<p style=\"text-align: justify;\">Zale\u017cnie od choroby, utrwalenie efekt\u00f3w terapii wymaga uzupe\u0142nienia terapii o inne metody (inne formy kompresji, farmakoterapia, leczenie operacyjne etc) lub stosowania powt\u00f3rze\u0144 cykli kompresjoterapii mechanicznej.<\/p>\n<p style=\"text-align: justify;\">Aparat, kt\u00f3ry posiadamy, w przeciwie\u0144stwie do urz\u0105dze\u0144 do zastosowa\u0144 \"domowych\" i \"kosmetycznych\", pracuje na pe\u0142nym zakresie ci\u015bnie\u0144 terapeutycznych. Daje to mo\u017cliwo\u015b\u0107 leczenia tak\u017ce zaawansowanych postaci utrwalonego obrz\u0119ku limfatycznego i innych schorze\u0144, kt\u00f3re nie poddaj\u0105 si\u0119 innym formom leczenia. Kompresjoterapia mechaniczna stosowana zgodnie z zasadami jest metod\u0105 bezpieczn\u0105, zazwyczaj jest te\u017c dobrze tolerowana przez pacjent\u00f3w.<\/p>\n<p style=\"text-align: justify;\">Posiadamy aktualnie dwa urz\u0105dzenia do kompresji: stacjonarne i mobilne, kt\u00f3re wypo\u017cyczamy pacjentom do u\u017cytkowania w domu na tydzie\u0144 i wielokrotno\u015b\u0107 tygodnia. Daje to mo\u017cliwo\u015b\u0107 prowadzenia intensywnej terapii (kilka zabieg\u00f3w dziennie) w maksymalnie komfortowych warunkach, co znacznie poprawia efekty leczenia. W kwestii dost\u0119pno\u015bci aparatu prosimy kontaktowa\u0107 si\u0119 z Rejestracj\u0105 Centrum.<\/p>\n<\/div>\n<\/div><\/div><\/div><\/div><div id=\"pg-1370-1\"  class=\"panel-grid panel-no-style\" ><div id=\"pgc-1370-1-0\"  class=\"panel-grid-cell\" ><div id=\"panel-1370-1-0-0\" class=\"so-panel widget widget_black-studio-tinymce widget_black_studio_tinymce panel-first-child panel-last-child\" data-index=\"1\" ><div class=\"textwidget\"><h1 style=\"text-align: center; margin-bottom: 0;\">Nasz Zesp\u00f3\u0142<\/h1>\n<h4 style=\"text-align: center;\"><span style=\"font-size: 18px;\">Specjali\u015bci Konsylium<\/span><\/h4>\n<p style=\"text-align: center;\"><div class=\"divider\" style=\"margin-top:0; margin-bottom:40px; border-top:1px solid #333;width:10%\"\/><\/div><\/p>\n<\/div><\/div><\/div><\/div><div id=\"pg-1370-2\"  class=\"panel-grid panel-no-style\" ><div id=\"pgc-1370-2-0\"  class=\"panel-grid-cell\" ><div id=\"panel-1370-2-0-0\" class=\"so-panel widget widget_accesspress_preview_post panel-first-child panel-last-child\" data-index=\"2\" >                <div class=\"ap-widget-preview wow zoomIn\">\r\n                    <div class=\"widget-preview-thumbnail\"><img width=\"540\" height=\"350\" src=\"https:\/\/konsylium.sanok.pl\/wp-content\/uploads\/2014\/09\/artur-gladysz-540x350.jpg\" class=\"attachment-medium-thumbnail size-medium-thumbnail wp-post-image\" alt=\"\" loading=\"lazy\" \/><\/div><h3 class=\"widget-title\">Dr n. med. Artur G\u0142adysz<\/h3><div class=\"widget-preview-excerpt\">Specjalista chirurgii og\u00f3lnej, specjalista chirurgii naczyniowej\u00a0|\r\n\r\n \tChirurgi\u0105 zajmuje si\u0119 od uko\u0144czenia w 1998 roku studi\u00f3w w \u015al\u0105skiej Akademii Me<\/div><div class=\"widget-preview-more\"><a class=\"read-more ap-bttn\" href=\"https:\/\/konsylium.sanok.pl\/index.php\/2018\/03\/14\/dr-n-med-artur-gladysz\/\">Wi\u0119cej<\/a><\/div>                <\/div>\r\n                <\/div><\/div><div id=\"pgc-1370-2-1\"  class=\"panel-grid-cell panel-grid-cell-empty panel-grid-cell-mobile-last\" ><\/div><div id=\"pgc-1370-2-2\"  class=\"panel-grid-cell panel-grid-cell-empty\" ><\/div><\/div><\/div>","protected":false},"excerpt":{"rendered":"<p>Kompresjoterapia (leczenie stopniowanym uciskiem) jest wskazane w wielu schorzeniach. Mo\u017cliwe s\u0105 r\u00f3\u017cne formy kompresjoterapii, kt\u00f3re wzajemnie si\u0119 uzupe\u0142niaj\u0105. W leczeniu uciskiem mo\u017cna stosowa\u0107: banda\u017ce elastyczne o r\u00f3\u017cnej rozci\u0105gliwo\u015bci &#8211; zale\u017cnie od konkretnego typu niedomogi, wyroby gotowe: podkolan\u00f3wki, po\u0144czochy i rajstopy uciskowe o r\u00f3\u017cnych kategoriach si\u0142y ucisku, wyra\u017canej w milimetrach s\u0142upa rt\u0119ci lub znormalizowanych skalach, masa\u017c&#8230;<\/p>\n","protected":false},"author":1,"featured_media":0,"parent":1351,"menu_order":0,"comment_status":"closed","ping_status":"closed","template":"","meta":{"_monsterinsights_skip_tracking":false,"_monsterinsights_sitenote_active":false,"_monsterinsights_sitenote_note":"","_monsterinsights_sitenote_category":0},"_links":{"self":[{"href":"https:\/\/konsylium.sanok.pl\/index.php\/wp-json\/wp\/v2\/pages\/1370"}],"collection":[{"href":"https:\/\/konsylium.sanok.pl\/index.php\/wp-json\/wp\/v2\/pages"}],"about":[{"href":"https:\/\/konsylium.sanok.pl\/index.php\/wp-json\/wp\/v2\/types\/page"}],"author":[{"embeddable":true,"href":"https:\/\/konsylium.sanok.pl\/index.php\/wp-json\/wp\/v2\/users\/1"}],"replies":[{"embeddable":true,"href":"https:\/\/konsylium.sanok.pl\/index.php\/wp-json\/wp\/v2\/comments?post=1370"}],"version-history":[{"count":20,"href":"https:\/\/konsylium.sanok.pl\/index.php\/wp-json\/wp\/v2\/pages\/1370\/revisions"}],"predecessor-version":[{"id":1510,"href":"https:\/\/konsylium.sanok.pl\/index.php\/wp-json\/wp\/v2\/pages\/1370\/revisions\/1510"}],"up":[{"embeddable":true,"href":"https:\/\/konsylium.sanok.pl\/index.php\/wp-json\/wp\/v2\/pages\/1351"}],"wp:attachment":[{"href":"https:\/\/konsylium.sanok.pl\/index.php\/wp-json\/wp\/v2\/media?parent=1370"}],"curies":[{"name":"wp","href":"https:\/\/api.w.org\/{rel}","templated":true}]}}