{"id":1354,"date":"2018-03-19T21:40:00","date_gmt":"2018-03-19T20:40:00","guid":{"rendered":"http:\/\/konsylium.sanok.pl\/?page_id=1354"},"modified":"2024-10-06T23:14:19","modified_gmt":"2024-10-06T21:14:19","slug":"leczenie-operacyjne-i-zabiegi-medyczne","status":"publish","type":"page","link":"https:\/\/konsylium.sanok.pl\/index.php\/zakres-dzialalnosci\/leczenie-operacyjne-i-zabiegi-medyczne\/","title":{"rendered":"Leczenie operacyjne i zabiegi medyczne"},"content":{"rendered":"<div id=\"pl-1354\"  class=\"panel-layout\" ><div id=\"pg-1354-0\"  class=\"panel-grid panel-no-style\" ><div id=\"pgc-1354-0-0\"  class=\"panel-grid-cell\" ><div id=\"panel-1354-0-0-0\" class=\"so-panel widget widget_sow-editor panel-first-child panel-last-child\" data-index=\"0\" ><div\n\t\t\t\n\t\t\tclass=\"so-widget-sow-editor so-widget-sow-editor-base\"\n\t\t\t\n\t\t>\n<div class=\"siteorigin-widget-tinymce textwidget\">\n\t<div style=\"text-align: justify;\">Centrum oferuje szerok\u0105 gam\u0119 zabieg\u00f3w z zakresu chirurgii jednego dnia, endoskopii, medycyny estetycznej, flegologii, ginekologii i laryngologii. Wi\u0119cej szczeg\u00f3\u0142\u00f3w znajd\u0105 Pa\u0144stwo w zak\u0142adkach <a href=\"https:\/\/konsylium.sanok.pl\/index.php\/nasi-specjalisci-lista\/\">poszczeg\u00f3lnych specjalizacji<\/a> na naszej stronie.<\/div>\n<\/div>\n<\/div><\/div><\/div><\/div><div id=\"pg-1354-1\"  class=\"panel-grid panel-no-style\" ><div id=\"pgc-1354-1-0\"  class=\"panel-grid-cell\" ><div id=\"panel-1354-1-0-0\" class=\"so-panel widget widget_black-studio-tinymce widget_black_studio_tinymce panel-first-child panel-last-child\" data-index=\"1\" ><div class=\"textwidget\"><h1 style=\"text-align: center; margin-bottom: 0;\">Nasz Zesp\u00f3\u0142<\/h1>\n<h4 style=\"text-align: center;\"><span style=\"font-size: 18px;\">Specjali\u015bci Konsylium<\/span><\/h4>\n<p style=\"text-align: center;\"><div class=\"divider\" style=\"margin-top:0; margin-bottom:40px; border-top:1px solid #333;width:10%\"\/><\/div><\/p>\n<\/div><\/div><\/div><\/div><div id=\"pg-1354-2\"  class=\"panel-grid panel-no-style\" ><div id=\"pgc-1354-2-0\"  class=\"panel-grid-cell\" ><div id=\"panel-1354-2-0-0\" class=\"so-panel widget widget_accesspress_preview_post panel-first-child panel-last-child\" data-index=\"2\" >                <div class=\"ap-widget-preview wow zoomIn\">\r\n                    <div class=\"widget-preview-thumbnail\"><img width=\"540\" height=\"350\" src=\"https:\/\/konsylium.sanok.pl\/wp-content\/uploads\/2018\/03\/beata-balon-540x350.jpg\" class=\"attachment-medium-thumbnail size-medium-thumbnail wp-post-image\" alt=\"\" loading=\"lazy\" \/><\/div><h3 class=\"widget-title\">Dr n. med. Beata Ba\u0142on<\/h3><div class=\"widget-preview-excerpt\">Specjalista ginekolog-po\u0142o\u017cnik |\r\n\r\n\r\n \tUko\u0144czy\u0142a Akademi\u0119 Medyczn\u0105 w Lublinie.\r\n \tUzyska\u0142a specjalizacj\u0119 I i II stopnia w dziedzinie ginekologii i po<\/div><div class=\"widget-preview-more\"><a class=\"read-more ap-bttn\" href=\"https:\/\/konsylium.sanok.pl\/index.php\/2018\/03\/16\/beata-balon\/\">Wi\u0119cej...<\/a><\/div>                <\/div>\r\n                <\/div><\/div><div id=\"pgc-1354-2-1\"  class=\"panel-grid-cell\" ><div id=\"panel-1354-2-1-0\" class=\"so-panel widget widget_accesspress_preview_post panel-first-child panel-last-child\" data-index=\"3\" >                <div class=\"ap-widget-preview wow zoomIn\">\r\n                    <div class=\"widget-preview-thumbnail\"><img width=\"540\" height=\"350\" src=\"https:\/\/konsylium.sanok.pl\/wp-content\/uploads\/2014\/09\/artur-gladysz-540x350.jpg\" class=\"attachment-medium-thumbnail size-medium-thumbnail wp-post-image\" alt=\"\" loading=\"lazy\" \/><\/div><h3 class=\"widget-title\">Dr n. med. Artur G\u0142adysz<\/h3><div class=\"widget-preview-excerpt\">Specjalista chirurgii og\u00f3lnej, specjalista chirurgii naczyniowej\u00a0|\r\n\r\n \tChirurgi\u0105 zajmuje si\u0119 od uko\u0144czenia w 1998 roku studi\u00f3w w \u015al\u0105skiej Akademii Me<\/div><div class=\"widget-preview-more\"><a class=\"read-more ap-bttn\" href=\"https:\/\/konsylium.sanok.pl\/index.php\/2018\/03\/14\/dr-n-med-artur-gladysz\/\">Wi\u0119cej...<\/a><\/div>                <\/div>\r\n                <\/div><\/div><div id=\"pgc-1354-2-2\"  class=\"panel-grid-cell\" ><div id=\"panel-1354-2-2-0\" class=\"so-panel widget widget_accesspress_preview_post panel-first-child panel-last-child\" data-index=\"4\" >                <div class=\"ap-widget-preview wow zoomIn\">\r\n                    <div class=\"widget-preview-thumbnail\"><img width=\"540\" height=\"350\" src=\"https:\/\/konsylium.sanok.pl\/wp-content\/uploads\/2017\/01\/m_kadziela-540x350.jpg\" class=\"attachment-medium-thumbnail size-medium-thumbnail wp-post-image\" alt=\"\" loading=\"lazy\" \/><\/div><h3 class=\"widget-title\">Lek. med. Micha\u0142 K\u0105dziela<\/h3><div class=\"widget-preview-excerpt\">Specjalista chirurgii dzieci\u0119cej\r\n\r\nStudia medyczne uko\u0144czy\u0142 w 1985 r. na Wydziale Lekarskim Akademii Medycznej im. M. Kopernika w Krakowie.\r\nChirurgi<\/div><div class=\"widget-preview-more\"><a class=\"read-more ap-bttn\" href=\"https:\/\/konsylium.sanok.pl\/index.php\/2017\/01\/18\/lek-med-michal-kadziela\/\">Wi\u0119cej...<\/a><\/div>                <\/div>\r\n                <\/div><\/div><\/div><div id=\"pg-1354-3\"  class=\"panel-grid panel-no-style\" ><div id=\"pgc-1354-3-0\"  class=\"panel-grid-cell\" ><div id=\"panel-1354-3-0-0\" class=\"so-panel widget widget_accesspress_preview_post panel-first-child panel-last-child\" data-index=\"5\" >                <div class=\"ap-widget-preview wow zoomIn\">\r\n                    <div class=\"widget-preview-thumbnail\"><img width=\"540\" height=\"350\" src=\"https:\/\/konsylium.sanok.pl\/wp-content\/uploads\/2018\/03\/r_konior-540x350.jpg\" class=\"attachment-medium-thumbnail size-medium-thumbnail wp-post-image\" alt=\"\" loading=\"lazy\" \/><\/div><h3 class=\"widget-title\">Lek. med. Robert Konior<\/h3><div class=\"widget-preview-excerpt\">Specjalista neurochirurg\u00a0|\r\n\r\n\r\n\r\n \tAsystent Oddzia\u0142u Neurochirurgii Szpitala \u015aw \u0141ukasza w Tarnowie\r\n \tAbsolwent Wydzia\u0142u Lekarskiego CMUJ w Krakowie <\/div><div class=\"widget-preview-more\"><a class=\"read-more ap-bttn\" href=\"https:\/\/konsylium.sanok.pl\/index.php\/2018\/03\/13\/lek-med-robert-konior\/\">Wi\u0119cej...<\/a><\/div>                <\/div>\r\n                <\/div><\/div><div id=\"pgc-1354-3-1\"  class=\"panel-grid-cell\" ><div id=\"panel-1354-3-1-0\" class=\"so-panel widget widget_accesspress_preview_post panel-first-child panel-last-child\" data-index=\"6\" >                <div class=\"ap-widget-preview wow zoomIn\">\r\n                    <div class=\"widget-preview-thumbnail\"><img width=\"540\" height=\"350\" src=\"https:\/\/konsylium.sanok.pl\/wp-content\/uploads\/2018\/03\/a-pajak-540x350.jpg\" class=\"attachment-medium-thumbnail size-medium-thumbnail wp-post-image\" alt=\"\" loading=\"lazy\" \/><\/div><h3 class=\"widget-title\">Lek. med. Anna Paj\u0105k<\/h3><div class=\"widget-preview-excerpt\">Specjalista Ginekologii i Po\u0142o\u017cnictwa\u00a0|\r\n\r\n \tAbsolwentka Wydzia\u0142u Medycznego Pomorskiej Akademii Medycznej w Szczecinie.\r\n \tSpecjalista Ginekologii i <\/div><div class=\"widget-preview-more\"><a class=\"read-more ap-bttn\" href=\"https:\/\/konsylium.sanok.pl\/index.php\/2018\/03\/12\/lek-med-anna-pajak\/\">Wi\u0119cej...<\/a><\/div>                <\/div>\r\n                <\/div><\/div><div id=\"pgc-1354-3-2\"  class=\"panel-grid-cell\" ><div id=\"panel-1354-3-2-0\" class=\"so-panel widget widget_accesspress_preview_post panel-first-child panel-last-child\" data-index=\"7\" >                <div class=\"ap-widget-preview wow zoomIn\">\r\n                    <div class=\"widget-preview-thumbnail\"><img width=\"540\" height=\"350\" src=\"https:\/\/konsylium.sanok.pl\/wp-content\/uploads\/2018\/03\/j_sobkiewicz-540x350.jpg\" class=\"attachment-medium-thumbnail size-medium-thumbnail wp-post-image\" alt=\"\" loading=\"lazy\" \/><\/div><h3 class=\"widget-title\">Lek. med. Janusz Sobkiewicz<\/h3><div class=\"widget-preview-excerpt\">Chirurg\u00a0|\r\n\r\n\r\n \tAbsolwent Wojskowej Akademii Medycznej w \u0141odzi z roku 1992.\r\n \tPocz\u0105tkowo zwi\u0105zany zawodowo ze Szpitalem MSWiA w Warszawie, specjaliz<\/div><div class=\"widget-preview-more\"><a class=\"read-more ap-bttn\" href=\"https:\/\/konsylium.sanok.pl\/index.php\/2018\/03\/11\/lek-med-janusz-sobkiewicz\/\">Wi\u0119cej...<\/a><\/div>                <\/div>\r\n                <\/div><\/div><\/div><\/div>","protected":false},"excerpt":{"rendered":"<p>Centrum oferuje szerok\u0105 gam\u0119 zabieg\u00f3w z zakresu chirurgii jednego dnia, endoskopii, medycyny estetycznej, flegologii, ginekologii i laryngologii. Wi\u0119cej szczeg\u00f3\u0142\u00f3w znajd\u0105 Pa\u0144stwo w zak\u0142adkach poszczeg\u00f3lnych specjalizacji na naszej stronie. Nasz Zesp\u00f3\u0142 Specjali\u015bci Konsylium<\/p>\n","protected":false},"author":1,"featured_media":0,"parent":1351,"menu_order":0,"comment_status":"closed","ping_status":"closed","template":"","meta":{"_monsterinsights_skip_tracking":false,"_monsterinsights_sitenote_active":false,"_monsterinsights_sitenote_note":"","_monsterinsights_sitenote_category":0},"_links":{"self":[{"href":"https:\/\/konsylium.sanok.pl\/index.php\/wp-json\/wp\/v2\/pages\/1354"}],"collection":[{"href":"https:\/\/konsylium.sanok.pl\/index.php\/wp-json\/wp\/v2\/pages"}],"about":[{"href":"https:\/\/konsylium.sanok.pl\/index.php\/wp-json\/wp\/v2\/types\/page"}],"author":[{"embeddable":true,"href":"https:\/\/konsylium.sanok.pl\/index.php\/wp-json\/wp\/v2\/users\/1"}],"replies":[{"embeddable":true,"href":"https:\/\/konsylium.sanok.pl\/index.php\/wp-json\/wp\/v2\/comments?post=1354"}],"version-history":[{"count":22,"href":"https:\/\/konsylium.sanok.pl\/index.php\/wp-json\/wp\/v2\/pages\/1354\/revisions"}],"predecessor-version":[{"id":4870,"href":"https:\/\/konsylium.sanok.pl\/index.php\/wp-json\/wp\/v2\/pages\/1354\/revisions\/4870"}],"up":[{"embeddable":true,"href":"https:\/\/konsylium.sanok.pl\/index.php\/wp-json\/wp\/v2\/pages\/1351"}],"wp:attachment":[{"href":"https:\/\/konsylium.sanok.pl\/index.php\/wp-json\/wp\/v2\/media?parent=1354"}],"curies":[{"name":"wp","href":"https:\/\/api.w.org\/{rel}","templated":true}]}}