{"id":1332,"date":"2018-03-19T21:14:03","date_gmt":"2018-03-19T20:14:03","guid":{"rendered":"http:\/\/konsylium.sanok.pl\/?page_id=1332"},"modified":"2020-09-02T20:22:43","modified_gmt":"2020-09-02T18:22:43","slug":"umow-wizyte","status":"publish","type":"page","link":"https:\/\/konsylium.sanok.pl\/index.php\/panel-pacjenta\/umow-wizyte\/","title":{"rendered":"Um\u00f3w wizyt\u0119"},"content":{"rendered":"<div>\n<div>Z uwagi na prace wdro\u017ceniowe obecnie CM Konsylium obs\u0142uguje zg\u0142oszenia wizyt wy\u0142\u0105cznie:<\/div>\n<ul style=\"list-style-type: circle;\">\n<li>osobiste,<\/li>\n<li>telefoniczne,<\/li>\n<li>zapytania: SMS-em na numer Rejestracji (502 501 002)<\/li>\n<\/ul>\n<div><\/div>\n<div>Nie ma obecnie mo\u017cliwo\u015bci rejestracji online na stronie www ani za pomoc\u0105 naszego profilu na <a href=\"https:\/\/www.facebook.com\/KonsyliumSanok\">FB<\/a>.<\/div>\n<div>O bardziej szczeg\u00f3\u0142owe informacje dotycz\u0105ce naszej oferty mo\u017cna pyta\u0107 mailem, nasz adres: <a href=\"mailto:kontakt@konsylium.sanok.pl\">kontakt@konsylium.sanok.pl<\/a><\/div>\n<div><\/div>\n<div>O zmianach w sposobach rejestracji b\u0119dziemy informowa\u0107.<\/div>\n<div>ZAPRASZAMY!<\/div>\n<\/div>\n","protected":false},"excerpt":{"rendered":"<p>Z uwagi na prace wdro\u017ceniowe obecnie CM Konsylium obs\u0142uguje zg\u0142oszenia wizyt wy\u0142\u0105cznie: osobiste, telefoniczne, zapytania: SMS-em na numer Rejestracji (502 501 002) Nie ma obecnie mo\u017cliwo\u015bci rejestracji online na stronie www ani za pomoc\u0105 naszego profilu na FB. O bardziej szczeg\u00f3\u0142owe informacje dotycz\u0105ce naszej oferty mo\u017cna pyta\u0107 mailem, nasz adres: kontakt@konsylium.sanok.pl O zmianach w sposobach&#8230;<\/p>\n","protected":false},"author":1,"featured_media":0,"parent":796,"menu_order":0,"comment_status":"closed","ping_status":"closed","template":"","meta":{"_monsterinsights_skip_tracking":false,"_monsterinsights_sitenote_active":false,"_monsterinsights_sitenote_note":"","_monsterinsights_sitenote_category":0},"_links":{"self":[{"href":"https:\/\/konsylium.sanok.pl\/index.php\/wp-json\/wp\/v2\/pages\/1332"}],"collection":[{"href":"https:\/\/konsylium.sanok.pl\/index.php\/wp-json\/wp\/v2\/pages"}],"about":[{"href":"https:\/\/konsylium.sanok.pl\/index.php\/wp-json\/wp\/v2\/types\/page"}],"author":[{"embeddable":true,"href":"https:\/\/konsylium.sanok.pl\/index.php\/wp-json\/wp\/v2\/users\/1"}],"replies":[{"embeddable":true,"href":"https:\/\/konsylium.sanok.pl\/index.php\/wp-json\/wp\/v2\/comments?post=1332"}],"version-history":[{"count":3,"href":"https:\/\/konsylium.sanok.pl\/index.php\/wp-json\/wp\/v2\/pages\/1332\/revisions"}],"predecessor-version":[{"id":3414,"href":"https:\/\/konsylium.sanok.pl\/index.php\/wp-json\/wp\/v2\/pages\/1332\/revisions\/3414"}],"up":[{"embeddable":true,"href":"https:\/\/konsylium.sanok.pl\/index.php\/wp-json\/wp\/v2\/pages\/796"}],"wp:attachment":[{"href":"https:\/\/konsylium.sanok.pl\/index.php\/wp-json\/wp\/v2\/media?parent=1332"}],"curies":[{"name":"wp","href":"https:\/\/api.w.org\/{rel}","templated":true}]}}